{"id":89762,"date":"2021-10-26T12:47:47","date_gmt":"2021-10-26T12:47:47","guid":{"rendered":"https:\/\/www.3p-gmbh.de\/produkt\/maquina-de-soldar-pneumatica-ag2s-para-tampas-de-pastas-spm-09\/"},"modified":"2021-10-26T12:47:47","modified_gmt":"2021-10-26T12:47:47","slug":"ag2s-maquina-de-soldar-por-friccao-pneumatica-para-arquivo-capa-spm-09","status":"publish","type":"product","link":"https:\/\/www.3p-gmbh.de\/pt-br\/produkt\/ag2s-maquina-de-soldar-por-friccao-pneumatica-para-arquivo-capa-spm-09\/","title":{"rendered":"M\u00e1quina de soldar pneum\u00e1tica Ag2s para tampas de pastas SPM 09"},"content":{"rendered":"<p><strong>M\u00e1quina de soldar pneum\u00e1tica Ag2s para tampas de pastas SPM 09<\/strong><\/p>\n<p>\u00c1rea do carimbo 33x35cm<\/p>\n<p><a href=\"https:\/\/www.3p-gmbh.de\/wp-content\/uploads\/2021\/10\/Ag2S-spm09.pdf\">Ag2S spm09<\/a><\/p>\n","protected":false},"excerpt":{"rendered":"<p>M\u00e1quina de soldar pneum\u00e1tica Ag2s para tampas de pastas SPM 09 \u00c1rea do carimbo 33x35cm Ag2S spm09<\/p>\n","protected":false},"featured_media":82057,"template":"","meta":[],"product_brand":[],"product_cat":[2892],"product_tag":[],"class_list":{"0":"post-89762","1":"product","2":"type-product","3":"status-publish","4":"has-post-thumbnail","6":"product_cat-encadernacao-de-sortido","7":"pa_hersteller-ag2s","8":"pa_typ-spm-09","10":"first","11":"instock","12":"taxable","13":"shipping-taxable","14":"product-type-simple"},"jetpack_sharing_enabled":true,"_links":{"self":[{"href":"https:\/\/www.3p-gmbh.de\/pt-br\/wp-json\/wp\/v2\/product\/89762","targetHints":{"allow":["GET"]}}],"collection":[{"href":"https:\/\/www.3p-gmbh.de\/pt-br\/wp-json\/wp\/v2\/product"}],"about":[{"href":"https:\/\/www.3p-gmbh.de\/pt-br\/wp-json\/wp\/v2\/types\/product"}],"wp:featuredmedia":[{"embeddable":true,"href":"https:\/\/www.3p-gmbh.de\/pt-br\/wp-json\/wp\/v2\/media\/82057"}],"wp:attachment":[{"href":"https:\/\/www.3p-gmbh.de\/pt-br\/wp-json\/wp\/v2\/media?parent=89762"}],"wp:term":[{"taxonomy":"product_brand","embeddable":true,"href":"https:\/\/www.3p-gmbh.de\/pt-br\/wp-json\/wp\/v2\/product_brand?post=89762"},{"taxonomy":"product_cat","embeddable":true,"href":"https:\/\/www.3p-gmbh.de\/pt-br\/wp-json\/wp\/v2\/product_cat?post=89762"},{"taxonomy":"product_tag","embeddable":true,"href":"https:\/\/www.3p-gmbh.de\/pt-br\/wp-json\/wp\/v2\/product_tag?post=89762"}],"curies":[{"name":"wp","href":"https:\/\/api.w.org\/{rel}","templated":true}]}}