{"id":89744,"date":"2021-10-26T13:07:31","date_gmt":"2021-10-26T13:07:31","guid":{"rendered":"https:\/\/www.3p-gmbh.de\/produkt\/rebobinador-cortador-com-faca-circular-e-rebobinador-ou-desbobinador-movel\/"},"modified":"2021-10-26T13:07:31","modified_gmt":"2021-10-26T13:07:31","slug":"cortador-de-rolo-com-faca-circular-e-rolo-movel-para-cima-ou-para-baixo","status":"publish","type":"product","link":"https:\/\/www.3p-gmbh.de\/pt-br\/produkt\/cortador-de-rolo-com-faca-circular-e-rolo-movel-para-cima-ou-para-baixo\/","title":{"rendered":"Rebobinador cortador com faca circular e rebobinador ou desbobinador m\u00f3vel"},"content":{"rendered":"<p><strong>Rebobinador cortador com faca circular e rebobinador ou desbobinador m\u00f3vel<\/strong><\/p>\n<p>Cortador rotativo para trabalhos pesados com l\u00e2mina circular<br \/>\nm\u00e1ximo. Largura do rolo 120cm<br \/>\nveio de expans\u00e3o pneum\u00e1tico<br \/>\numa faca circular<br \/>\n2 l\u00e2minas sobresselentes<br \/>\nDescontrair\/enrolar<\/p>\n","protected":false},"excerpt":{"rendered":"<p>Rebobinador cortador com faca circular e rebobinador ou desbobinador m\u00f3vel Cortador rotativo para trabalhos pesados com l\u00e2mina circular m\u00e1ximo. Largura do rolo 120cm veio de expans\u00e3o pneum\u00e1tico uma faca circular 2 l\u00e2minas sobresselentes Descontrair\/enrolar<\/p>\n","protected":false},"featured_media":82115,"template":"","meta":[],"product_brand":[],"product_cat":[3017,2891],"product_tag":[],"class_list":{"0":"post-89744","1":"product","2":"type-product","3":"status-publish","4":"has-post-thumbnail","6":"product_cat-maquinas-de-corte","7":"product_cat-outro-processamento-de-papel","9":"first","10":"instock","11":"taxable","12":"shipping-taxable","13":"product-type-simple"},"jetpack_sharing_enabled":true,"_links":{"self":[{"href":"https:\/\/www.3p-gmbh.de\/pt-br\/wp-json\/wp\/v2\/product\/89744","targetHints":{"allow":["GET"]}}],"collection":[{"href":"https:\/\/www.3p-gmbh.de\/pt-br\/wp-json\/wp\/v2\/product"}],"about":[{"href":"https:\/\/www.3p-gmbh.de\/pt-br\/wp-json\/wp\/v2\/types\/product"}],"wp:featuredmedia":[{"embeddable":true,"href":"https:\/\/www.3p-gmbh.de\/pt-br\/wp-json\/wp\/v2\/media\/82115"}],"wp:attachment":[{"href":"https:\/\/www.3p-gmbh.de\/pt-br\/wp-json\/wp\/v2\/media?parent=89744"}],"wp:term":[{"taxonomy":"product_brand","embeddable":true,"href":"https:\/\/www.3p-gmbh.de\/pt-br\/wp-json\/wp\/v2\/product_brand?post=89744"},{"taxonomy":"product_cat","embeddable":true,"href":"https:\/\/www.3p-gmbh.de\/pt-br\/wp-json\/wp\/v2\/product_cat?post=89744"},{"taxonomy":"product_tag","embeddable":true,"href":"https:\/\/www.3p-gmbh.de\/pt-br\/wp-json\/wp\/v2\/product_tag?post=89744"}],"curies":[{"name":"wp","href":"https:\/\/api.w.org\/{rel}","templated":true}]}}