{"id":89742,"date":"2021-10-26T12:59:12","date_gmt":"2021-10-26T12:59:12","guid":{"rendered":"https:\/\/www.3p-gmbh.de\/produkt\/anel-de-assento-da-unidade-de-numeracao-para-heidelberg-gto-52\/"},"modified":"2021-10-26T12:59:12","modified_gmt":"2021-10-26T12:59:12","slug":"mecanismo-de-numeracao-anel-de-assento-para-heidelberg-gto-52","status":"publish","type":"product","link":"https:\/\/www.3p-gmbh.de\/pt-br\/produkt\/mecanismo-de-numeracao-anel-de-assento-para-heidelberg-gto-52\/","title":{"rendered":"Anel de assento da unidade de numera\u00e7\u00e3o para Heidelberg GTO 52"},"content":{"rendered":"<p><strong>Anel de assento da unidade de numera\u00e7\u00e3o GTO 52<br \/>\n<\/strong>Adequado para uma Heidelberg GTO 52<strong><br \/>\n<\/strong><\/p>\n","protected":false},"excerpt":{"rendered":"<p>Anel de assento da unidade de numera\u00e7\u00e3o GTO 52 Adequado para uma Heidelberg GTO 52<\/p>\n","protected":false},"featured_media":82103,"template":"","meta":[],"product_brand":[],"product_cat":[2898],"product_tag":[],"class_list":{"0":"post-89742","1":"product","2":"type-product","3":"status-publish","4":"has-post-thumbnail","6":"product_cat-acessorios-e-pecas-sobressalentes-para-prensas","8":"first","9":"instock","10":"taxable","11":"shipping-taxable","12":"product-type-simple"},"jetpack_sharing_enabled":true,"_links":{"self":[{"href":"https:\/\/www.3p-gmbh.de\/pt-br\/wp-json\/wp\/v2\/product\/89742","targetHints":{"allow":["GET"]}}],"collection":[{"href":"https:\/\/www.3p-gmbh.de\/pt-br\/wp-json\/wp\/v2\/product"}],"about":[{"href":"https:\/\/www.3p-gmbh.de\/pt-br\/wp-json\/wp\/v2\/types\/product"}],"wp:featuredmedia":[{"embeddable":true,"href":"https:\/\/www.3p-gmbh.de\/pt-br\/wp-json\/wp\/v2\/media\/82103"}],"wp:attachment":[{"href":"https:\/\/www.3p-gmbh.de\/pt-br\/wp-json\/wp\/v2\/media?parent=89742"}],"wp:term":[{"taxonomy":"product_brand","embeddable":true,"href":"https:\/\/www.3p-gmbh.de\/pt-br\/wp-json\/wp\/v2\/product_brand?post=89742"},{"taxonomy":"product_cat","embeddable":true,"href":"https:\/\/www.3p-gmbh.de\/pt-br\/wp-json\/wp\/v2\/product_cat?post=89742"},{"taxonomy":"product_tag","embeddable":true,"href":"https:\/\/www.3p-gmbh.de\/pt-br\/wp-json\/wp\/v2\/product_tag?post=89742"}],"curies":[{"name":"wp","href":"https:\/\/api.w.org\/{rel}","templated":true}]}}