{"id":89737,"date":"2021-10-26T13:20:34","date_gmt":"2021-10-26T13:20:34","guid":{"rendered":"https:\/\/www.3p-gmbh.de\/produkt\/mesa-transportadora-de-canto-movel-mbo-et-46-com-barra-esferica\/"},"modified":"2021-10-26T13:20:34","modified_gmt":"2021-10-26T13:20:34","slug":"mbo-mobile-corner-floor-table-et-46-with-ball-bar","status":"publish","type":"product","link":"https:\/\/www.3p-gmbh.de\/pt-br\/produkt\/mbo-mobile-corner-floor-table-et-46-with-ball-bar\/","title":{"rendered":"Mesa transportadora de canto m\u00f3vel MBO ET 46 com barra esf\u00e9rica"},"content":{"rendered":"<p>Mesa transportadora de canto m\u00f3vel MBO ET 46 com barra esf\u00e9rica<br \/>\nusado &#8211; revisto<\/p>\n<p>Como o ET 46 pode ser rodado em 180\u00b0, \u00e9 adequado tanto para a instala\u00e7\u00e3o \u00e0 esquerda como \u00e0 direita.<br \/>\nA r\u00e9gua de alinhamento da ET 46 est\u00e1 equipada com uma barra esf\u00e9rica para produtos standard.<\/p>\n<p>Em combina\u00e7\u00e3o com uma unidade m\u00f3vel de dobragem de facas, as mesas transportadoras de canto em m\u00e1quinas de dobragem combinadas s\u00e3o utilizadas para produzir uma dobra paralela para dobragem cruzada e tripla ou uma dobra de janela fechada. Ap\u00f3s a costura da sela, \u00e9 poss\u00edvel efetuar uma rutura paralela \u00e0 coluna vertebral. A combina\u00e7\u00e3o da mesa transportadora de canto, do alimentador de tambor e da unidade m\u00f3vel de dobragem de facas resulta numa unidade de dobragem de camadas.<\/p>\n","protected":false},"excerpt":{"rendered":"<p>Mesa transportadora de canto m\u00f3vel MBO ET 46 com barra esf\u00e9rica usado &#8211; revisto Como o ET 46 pode ser rodado em 180\u00b0, \u00e9 adequado tanto para a instala\u00e7\u00e3o \u00e0 esquerda como \u00e0 direita. A r\u00e9gua de alinhamento da ET 46 est\u00e1 equipada com uma barra esf\u00e9rica para produtos standard. Em combina\u00e7\u00e3o com uma unidade [&hellip;]<\/p>\n","protected":false},"featured_media":82176,"template":"","meta":[],"product_brand":[],"product_cat":[2882,3041],"product_tag":[],"class_list":{"0":"post-89737","1":"product","2":"type-product","3":"status-publish","4":"has-post-thumbnail","6":"product_cat-acessorios-para-maquinas-de-dobrar","7":"product_cat-tecnologia-de-transporte","8":"pa_hersteller-mbo","9":"pa_typ-et-46","11":"first","12":"instock","13":"taxable","14":"shipping-taxable","15":"product-type-simple"},"jetpack_sharing_enabled":true,"_links":{"self":[{"href":"https:\/\/www.3p-gmbh.de\/pt-br\/wp-json\/wp\/v2\/product\/89737","targetHints":{"allow":["GET"]}}],"collection":[{"href":"https:\/\/www.3p-gmbh.de\/pt-br\/wp-json\/wp\/v2\/product"}],"about":[{"href":"https:\/\/www.3p-gmbh.de\/pt-br\/wp-json\/wp\/v2\/types\/product"}],"wp:featuredmedia":[{"embeddable":true,"href":"https:\/\/www.3p-gmbh.de\/pt-br\/wp-json\/wp\/v2\/media\/82176"}],"wp:attachment":[{"href":"https:\/\/www.3p-gmbh.de\/pt-br\/wp-json\/wp\/v2\/media?parent=89737"}],"wp:term":[{"taxonomy":"product_brand","embeddable":true,"href":"https:\/\/www.3p-gmbh.de\/pt-br\/wp-json\/wp\/v2\/product_brand?post=89737"},{"taxonomy":"product_cat","embeddable":true,"href":"https:\/\/www.3p-gmbh.de\/pt-br\/wp-json\/wp\/v2\/product_cat?post=89737"},{"taxonomy":"product_tag","embeddable":true,"href":"https:\/\/www.3p-gmbh.de\/pt-br\/wp-json\/wp\/v2\/product_tag?post=89737"}],"curies":[{"name":"wp","href":"https:\/\/api.w.org\/{rel}","templated":true}]}}