{"id":89723,"date":"2021-11-18T09:46:22","date_gmt":"2021-11-18T09:46:22","guid":{"rendered":"https:\/\/www.3p-gmbh.de\/produkt\/compressor-pequeno-elektra-beckum-basic-euro\/"},"modified":"2021-11-18T09:46:22","modified_gmt":"2021-11-18T09:46:22","slug":"pequeno-compressor-elektra-beckum-basic-euro","status":"publish","type":"product","link":"https:\/\/www.3p-gmbh.de\/pt-br\/produkt\/pequeno-compressor-elektra-beckum-basic-euro\/","title":{"rendered":"Compressor pequeno Elektra Beckum Basic Euro"},"content":{"rendered":"<p><strong>Compressor pequeno Elektra Beckum Basic Euro<\/strong><br \/>\na partir de 2003<\/p>\n<p>Compressor de pist\u00e3o muito robusto e m\u00f3vel &#8211; adequado para pequenas e diversas aplica\u00e7\u00f5es comerciais.<br \/>\npara corrente alternada monof\u00e1sica com redutor de press\u00e3o para press\u00e3o de trabalho regulada<\/p>\n<p>Dados t\u00e9cnicos<br \/>\nCapacidade de aspira\u00e7\u00e3o: 220 l\/min<br \/>\nCapacidade de enchimento: 110 l\/min<br \/>\nM\u00e1ximo. Press\u00e3o: 8 bar<br \/>\nPot\u00eancia nominal de entrada: 1,1 kW<br \/>\nVelocidade: 2.850 \/min<br \/>\nTens\u00e3o: 230 V<br \/>\nTamanho da caldeira: 24 l<br \/>\nPeso: 21,5 kg<br \/>\nDimens\u00f5es: 600 x 260 x 660 mm<\/p>\n","protected":false},"excerpt":{"rendered":"<p>Compressor pequeno Elektra Beckum Basic Euro a partir de 2003 Compressor de pist\u00e3o muito robusto e m\u00f3vel &#8211; adequado para pequenas e diversas aplica\u00e7\u00f5es comerciais. para corrente alternada monof\u00e1sica com redutor de press\u00e3o para press\u00e3o de trabalho regulada Dados t\u00e9cnicos Capacidade de aspira\u00e7\u00e3o: 220 l\/min Capacidade de enchimento: 110 l\/min M\u00e1ximo. Press\u00e3o: 8 bar Pot\u00eancia [&hellip;]<\/p>\n","protected":false},"featured_media":82194,"template":"","meta":[],"product_brand":[],"product_cat":[2927],"product_tag":[],"class_list":{"0":"post-89723","1":"product","2":"type-product","3":"status-publish","4":"has-post-thumbnail","6":"product_cat-compressores-e-bombas-de-vacuo","7":"pa_hersteller-elektra-beckum","8":"pa_typ-basic-euro","10":"first","11":"instock","12":"taxable","13":"shipping-taxable","14":"product-type-simple"},"jetpack_sharing_enabled":true,"_links":{"self":[{"href":"https:\/\/www.3p-gmbh.de\/pt-br\/wp-json\/wp\/v2\/product\/89723","targetHints":{"allow":["GET"]}}],"collection":[{"href":"https:\/\/www.3p-gmbh.de\/pt-br\/wp-json\/wp\/v2\/product"}],"about":[{"href":"https:\/\/www.3p-gmbh.de\/pt-br\/wp-json\/wp\/v2\/types\/product"}],"wp:featuredmedia":[{"embeddable":true,"href":"https:\/\/www.3p-gmbh.de\/pt-br\/wp-json\/wp\/v2\/media\/82194"}],"wp:attachment":[{"href":"https:\/\/www.3p-gmbh.de\/pt-br\/wp-json\/wp\/v2\/media?parent=89723"}],"wp:term":[{"taxonomy":"product_brand","embeddable":true,"href":"https:\/\/www.3p-gmbh.de\/pt-br\/wp-json\/wp\/v2\/product_brand?post=89723"},{"taxonomy":"product_cat","embeddable":true,"href":"https:\/\/www.3p-gmbh.de\/pt-br\/wp-json\/wp\/v2\/product_cat?post=89723"},{"taxonomy":"product_tag","embeddable":true,"href":"https:\/\/www.3p-gmbh.de\/pt-br\/wp-json\/wp\/v2\/product_tag?post=89723"}],"curies":[{"name":"wp","href":"https:\/\/api.w.org\/{rel}","templated":true}]}}