{"id":89718,"date":"2021-11-18T09:53:09","date_gmt":"2021-11-18T09:53:09","guid":{"rendered":"https:\/\/www.3p-gmbh.de\/produkt\/maquina-de-colagem-de-blocos-automation-blox-50-u\/"},"modified":"2021-11-18T09:53:09","modified_gmt":"2021-11-18T09:53:09","slug":"maquina-de-colar-blocos-automacao-blox-50-u","status":"publish","type":"product","link":"https:\/\/www.3p-gmbh.de\/pt-br\/produkt\/maquina-de-colar-blocos-automacao-blox-50-u\/","title":{"rendered":"M\u00e1quina de colagem de blocos Automation Blox 50 U"},"content":{"rendered":"<p><strong>M\u00e1quina de colagem de blocos Automation Blox 50 U<\/strong><br \/>\n<strong>do ano. 1994<\/strong><\/p>\n<p>para a produ\u00e7\u00e3o eficiente de blocos de todos os tipos numa gama de formatos de DIN A6 a DIN A3<br \/>\ne desenvolvido para trajectos curtos e longos.<\/p>\n<p>Os blocos s\u00e3o criados \u00e0 m\u00e3o.<br \/>\nDepende do tipo de bloco, da sua espessura e tamanho, bem como da prepara\u00e7\u00e3o,<br \/>\npode ser colocado at\u00e9 1800 blocos por um investidor.<\/p>\n<p>A cabe\u00e7a vertical de fus\u00e3o a quente faz parte do conjunto fechado hermeticamente,<br \/>\nsistema de colagem sem manuten\u00e7\u00e3o e sem cheiro.<\/p>\n<p>O alimentador de capas com dispositivo de corte alimenta as folhas de capa,<br \/>\nque s\u00e3o dobradas sobre o lado colado e fixadas \u00e0 placa inferior pela cola quente reactivada.<\/p>\n<p>Na mesa de entrega, os blocos s\u00e3o contados e empilhados com exatid\u00e3o<br \/>\ne transportado para fora, pronto para ser embalado.<\/p>\n<p>Para obter a descri\u00e7\u00e3o completa da m\u00e1quina, consultar o documento em anexo<\/p>\n<p><a href=\"https:\/\/www.3p-gmbh.de\/wp-content\/uploads\/2021\/11\/BLOX-50-U_Deutsch.doc\">BLOX 50 U_Alem\u00e3o<\/a><\/p>\n","protected":false},"excerpt":{"rendered":"<p>M\u00e1quina de colagem de blocos Automation Blox 50 U do ano. 1994 para a produ\u00e7\u00e3o eficiente de blocos de todos os tipos numa gama de formatos de DIN A6 a DIN A3 e desenvolvido para trajectos curtos e longos. Os blocos s\u00e3o criados \u00e0 m\u00e3o. Depende do tipo de bloco, da sua espessura e tamanho, [&hellip;]<\/p>\n","protected":false},"featured_media":82212,"template":"","meta":[],"product_brand":[],"product_cat":[2892],"product_tag":[],"class_list":{"0":"post-89718","1":"product","2":"type-product","3":"status-publish","4":"has-post-thumbnail","6":"product_cat-encadernacao-de-sortido","7":"pa_hersteller-automation","8":"pa_typ-blox-50-u","10":"first","11":"instock","12":"taxable","13":"shipping-taxable","14":"product-type-simple"},"jetpack_sharing_enabled":true,"_links":{"self":[{"href":"https:\/\/www.3p-gmbh.de\/pt-br\/wp-json\/wp\/v2\/product\/89718","targetHints":{"allow":["GET"]}}],"collection":[{"href":"https:\/\/www.3p-gmbh.de\/pt-br\/wp-json\/wp\/v2\/product"}],"about":[{"href":"https:\/\/www.3p-gmbh.de\/pt-br\/wp-json\/wp\/v2\/types\/product"}],"wp:featuredmedia":[{"embeddable":true,"href":"https:\/\/www.3p-gmbh.de\/pt-br\/wp-json\/wp\/v2\/media\/82212"}],"wp:attachment":[{"href":"https:\/\/www.3p-gmbh.de\/pt-br\/wp-json\/wp\/v2\/media?parent=89718"}],"wp:term":[{"taxonomy":"product_brand","embeddable":true,"href":"https:\/\/www.3p-gmbh.de\/pt-br\/wp-json\/wp\/v2\/product_brand?post=89718"},{"taxonomy":"product_cat","embeddable":true,"href":"https:\/\/www.3p-gmbh.de\/pt-br\/wp-json\/wp\/v2\/product_cat?post=89718"},{"taxonomy":"product_tag","embeddable":true,"href":"https:\/\/www.3p-gmbh.de\/pt-br\/wp-json\/wp\/v2\/product_tag?post=89718"}],"curies":[{"name":"wp","href":"https:\/\/api.w.org\/{rel}","templated":true}]}}