{"id":89711,"date":"2021-11-18T10:00:20","date_gmt":"2021-11-18T10:00:20","guid":{"rendered":"https:\/\/www.3p-gmbh.de\/produkt\/maquina-de-olear-constantin-hang-hang-101-11-piccolo-iii-com-mesa-de-apoio-e-vedacao\/"},"modified":"2021-11-18T10:00:20","modified_gmt":"2021-11-18T10:00:20","slug":"constantin-hang-oesmachine-hang-101-11-piccolo-iii-with-support-table-and-stop","status":"publish","type":"product","link":"https:\/\/www.3p-gmbh.de\/pt-br\/produkt\/constantin-hang-oesmachine-hang-101-11-piccolo-iii-with-support-table-and-stop\/","title":{"rendered":"M\u00e1quina de olear Constantin Hang Hang 101-11 Piccolo III com mesa de apoio e veda\u00e7\u00e3o"},"content":{"rendered":"<p><strong>M\u00e1quina de olear Constantin Hang Hang 101-11 Piccolo III com mesa de apoio e veda\u00e7\u00e3o<\/strong><\/p>\n<ul>\n<li>Para papel, cart\u00e3o ou materiais semelhantes. Materiais at\u00e9 2 mm de espessura.<\/li>\n<li>Funcionamento suave e inigual\u00e1vel<\/li>\n<li>Com alimenta\u00e7\u00e3o autom\u00e1tica de \u00f3leo atrav\u00e9s do dep\u00f3sito<\/li>\n<li>Perfura o furo e o ilh\u00f3 numa s\u00f3 opera\u00e7\u00e3o, sendo o pr\u00f3prio ilh\u00f3 a perfurar o furo<\/li>\n<li>para ilh\u00f3s de 5,5 mm de di\u00e2metro interior (orif\u00edcio de limagem)<\/li>\n<li>Pode ser utilizado com o modelo de ilh\u00f3s 24 para 2-15 folhas<\/li>\n<\/ul>\n","protected":false},"excerpt":{"rendered":"<p>M\u00e1quina de olear Constantin Hang Hang 101-11 Piccolo III com mesa de apoio e veda\u00e7\u00e3o Para papel, cart\u00e3o ou materiais semelhantes. Materiais at\u00e9 2 mm de espessura. Funcionamento suave e inigual\u00e1vel Com alimenta\u00e7\u00e3o autom\u00e1tica de \u00f3leo atrav\u00e9s do dep\u00f3sito Perfura o furo e o ilh\u00f3 numa s\u00f3 opera\u00e7\u00e3o, sendo o pr\u00f3prio ilh\u00f3 a perfurar o [&hellip;]<\/p>\n","protected":false},"featured_media":82236,"template":"","meta":[],"product_brand":[],"product_cat":[3055],"product_tag":[],"class_list":{"0":"post-89711","1":"product","2":"type-product","3":"status-publish","4":"has-post-thumbnail","6":"product_cat-maquinas-de-lubrificacao","7":"pa_hersteller-constantin-hang","8":"pa_typ-101-11-piccolo-iii","10":"first","11":"instock","12":"taxable","13":"shipping-taxable","14":"product-type-simple"},"jetpack_sharing_enabled":true,"_links":{"self":[{"href":"https:\/\/www.3p-gmbh.de\/pt-br\/wp-json\/wp\/v2\/product\/89711","targetHints":{"allow":["GET"]}}],"collection":[{"href":"https:\/\/www.3p-gmbh.de\/pt-br\/wp-json\/wp\/v2\/product"}],"about":[{"href":"https:\/\/www.3p-gmbh.de\/pt-br\/wp-json\/wp\/v2\/types\/product"}],"wp:featuredmedia":[{"embeddable":true,"href":"https:\/\/www.3p-gmbh.de\/pt-br\/wp-json\/wp\/v2\/media\/82236"}],"wp:attachment":[{"href":"https:\/\/www.3p-gmbh.de\/pt-br\/wp-json\/wp\/v2\/media?parent=89711"}],"wp:term":[{"taxonomy":"product_brand","embeddable":true,"href":"https:\/\/www.3p-gmbh.de\/pt-br\/wp-json\/wp\/v2\/product_brand?post=89711"},{"taxonomy":"product_cat","embeddable":true,"href":"https:\/\/www.3p-gmbh.de\/pt-br\/wp-json\/wp\/v2\/product_cat?post=89711"},{"taxonomy":"product_tag","embeddable":true,"href":"https:\/\/www.3p-gmbh.de\/pt-br\/wp-json\/wp\/v2\/product_tag?post=89711"}],"curies":[{"name":"wp","href":"https:\/\/api.w.org\/{rel}","templated":true}]}}