{"id":89710,"date":"2021-11-18T10:01:51","date_gmt":"2021-11-18T10:01:51","guid":{"rendered":"https:\/\/www.3p-gmbh.de\/produkt\/placa-de-perfuracao-cilindrica-original-da-heidelberg-para-ohz\/"},"modified":"2021-11-18T10:01:51","modified_gmt":"2021-11-18T10:01:51","slug":"original-heidelberg-cylinder-punching-plate-for-ohz","status":"publish","type":"product","link":"https:\/\/www.3p-gmbh.de\/pt-br\/produkt\/original-heidelberg-cylinder-punching-plate-for-ohz\/","title":{"rendered":"Placa de perfura\u00e7\u00e3o cil\u00edndrica original da Heidelberg para OHZ"},"content":{"rendered":"<p><strong>Placa de perfura\u00e7\u00e3o cil\u00edndrica original da Heidelberg para OHZ<\/strong><\/p>\n","protected":false},"excerpt":{"rendered":"<p>Placa de perfura\u00e7\u00e3o cil\u00edndrica original da Heidelberg para OHZ<\/p>\n","protected":false},"featured_media":82245,"template":"","meta":[],"product_brand":[],"product_cat":[2898],"product_tag":[],"class_list":{"0":"post-89710","1":"product","2":"type-product","3":"status-publish","4":"has-post-thumbnail","6":"product_cat-acessorios-e-pecas-sobressalentes-para-prensas","8":"first","9":"instock","10":"taxable","11":"shipping-taxable","12":"product-type-simple"},"jetpack_sharing_enabled":true,"_links":{"self":[{"href":"https:\/\/www.3p-gmbh.de\/pt-br\/wp-json\/wp\/v2\/product\/89710","targetHints":{"allow":["GET"]}}],"collection":[{"href":"https:\/\/www.3p-gmbh.de\/pt-br\/wp-json\/wp\/v2\/product"}],"about":[{"href":"https:\/\/www.3p-gmbh.de\/pt-br\/wp-json\/wp\/v2\/types\/product"}],"wp:featuredmedia":[{"embeddable":true,"href":"https:\/\/www.3p-gmbh.de\/pt-br\/wp-json\/wp\/v2\/media\/82245"}],"wp:attachment":[{"href":"https:\/\/www.3p-gmbh.de\/pt-br\/wp-json\/wp\/v2\/media?parent=89710"}],"wp:term":[{"taxonomy":"product_brand","embeddable":true,"href":"https:\/\/www.3p-gmbh.de\/pt-br\/wp-json\/wp\/v2\/product_brand?post=89710"},{"taxonomy":"product_cat","embeddable":true,"href":"https:\/\/www.3p-gmbh.de\/pt-br\/wp-json\/wp\/v2\/product_cat?post=89710"},{"taxonomy":"product_tag","embeddable":true,"href":"https:\/\/www.3p-gmbh.de\/pt-br\/wp-json\/wp\/v2\/product_tag?post=89710"}],"curies":[{"name":"wp","href":"https:\/\/api.w.org\/{rel}","templated":true}]}}