{"id":89699,"date":"2021-11-18T10:06:59","date_gmt":"2021-11-18T10:06:59","guid":{"rendered":"https:\/\/www.3p-gmbh.de\/produkt\/lavatorio-deitenbach-170-cm-usado\/"},"modified":"2021-11-18T10:06:59","modified_gmt":"2021-11-18T10:06:59","slug":"deitenbach-170-cm-sink-usado","status":"publish","type":"product","link":"https:\/\/www.3p-gmbh.de\/pt-br\/produkt\/deitenbach-170-cm-sink-usado\/","title":{"rendered":"Lavat\u00f3rio Deitenbach 170 cm &#8211; usado-"},"content":{"rendered":"<div><strong>Lava-loi\u00e7a Deitenbach &#8211; utilizado-<\/strong><\/div>\n<div>Largura de inser\u00e7\u00e3o 170 cm<\/div>\n","protected":false},"excerpt":{"rendered":"<p>Lava-loi\u00e7a Deitenbach &#8211; utilizado- Largura de inser\u00e7\u00e3o 170 cm<\/p>\n","protected":false},"featured_media":82254,"template":"","meta":[],"product_brand":[],"product_cat":[2898],"product_tag":[],"class_list":{"0":"post-89699","1":"product","2":"type-product","3":"status-publish","4":"has-post-thumbnail","6":"product_cat-acessorios-e-pecas-sobressalentes-para-prensas","8":"first","9":"instock","10":"taxable","11":"shipping-taxable","12":"product-type-simple"},"jetpack_sharing_enabled":true,"_links":{"self":[{"href":"https:\/\/www.3p-gmbh.de\/pt-br\/wp-json\/wp\/v2\/product\/89699","targetHints":{"allow":["GET"]}}],"collection":[{"href":"https:\/\/www.3p-gmbh.de\/pt-br\/wp-json\/wp\/v2\/product"}],"about":[{"href":"https:\/\/www.3p-gmbh.de\/pt-br\/wp-json\/wp\/v2\/types\/product"}],"wp:featuredmedia":[{"embeddable":true,"href":"https:\/\/www.3p-gmbh.de\/pt-br\/wp-json\/wp\/v2\/media\/82254"}],"wp:attachment":[{"href":"https:\/\/www.3p-gmbh.de\/pt-br\/wp-json\/wp\/v2\/media?parent=89699"}],"wp:term":[{"taxonomy":"product_brand","embeddable":true,"href":"https:\/\/www.3p-gmbh.de\/pt-br\/wp-json\/wp\/v2\/product_brand?post=89699"},{"taxonomy":"product_cat","embeddable":true,"href":"https:\/\/www.3p-gmbh.de\/pt-br\/wp-json\/wp\/v2\/product_cat?post=89699"},{"taxonomy":"product_tag","embeddable":true,"href":"https:\/\/www.3p-gmbh.de\/pt-br\/wp-json\/wp\/v2\/product_tag?post=89699"}],"curies":[{"name":"wp","href":"https:\/\/api.w.org\/{rel}","templated":true}]}}