{"id":89695,"date":"2021-11-18T10:35:19","date_gmt":"2021-11-18T10:35:19","guid":{"rendered":"https:\/\/www.3p-gmbh.de\/produkt\/dobrador-semi-automatico-de-placas-com-fivela-ajustavel-mathias-baeuerle-multimaster-cas-38-4-fl38-sa\/"},"modified":"2021-11-18T10:35:19","modified_gmt":"2021-11-18T10:35:19","slug":"maquina-de-dobrar-bolsas-semi-automatica-ajustavel-mathias-baeuerle-multimaster-cas-38-4-fl38-sa","status":"publish","type":"product","link":"https:\/\/www.3p-gmbh.de\/pt-br\/produkt\/maquina-de-dobrar-bolsas-semi-automatica-ajustavel-mathias-baeuerle-multimaster-cas-38-4-fl38-sa\/","title":{"rendered":"dobrador semi-autom\u00e1tico de placas com fivela ajust\u00e1vel Mathias B\u00e4uerle Multimaster CAS 38-4-FL38-SA"},"content":{"rendered":"<p><strong>Mathias B\u00e4uerle M\u00e1quina de dobrar CAS 38-4-FL38-SA<\/strong><br \/>\n<strong>Ano de fabrico 2008<\/strong><br \/>\n<strong>\u00e9 entregue completamente revisto<\/strong><\/p>\n<p>Consiste em:<\/p>\n<ul>\n<li>Alimentador de pilha plana FSA 38 com separador de bordos de fuga, mesa de controlo e alinhamento de folhas duplas, contador total, contador de pr\u00e9-ajustes, monitoriza\u00e7\u00e3o do percurso da folha, indica\u00e7\u00e3o de sa\u00edda<\/li>\n<li>Compressor PICO<\/li>\n<li>Unidade dobr\u00e1vel Multimaster CAS 38-4<br \/>\n&#8211; 4 placas de fivela ajust\u00e1veis automaticamente<br \/>\n&#8211; Rolos de dobragem ajust\u00e1veis manualmente<\/li>\n<li>Exposi\u00e7\u00e3o de pavilh\u00f5es SA<\/li>\n<\/ul>\n","protected":false},"excerpt":{"rendered":"<p>Mathias B\u00e4uerle M\u00e1quina de dobrar CAS 38-4-FL38-SA Ano de fabrico 2008 \u00e9 entregue completamente revisto Consiste em: Alimentador de pilha plana FSA 38 com separador de bordos de fuga, mesa de controlo e alinhamento de folhas duplas, contador total, contador de pr\u00e9-ajustes, monitoriza\u00e7\u00e3o do percurso da folha, indica\u00e7\u00e3o de sa\u00edda Compressor PICO Unidade dobr\u00e1vel Multimaster [&hellip;]<\/p>\n","protected":false},"featured_media":82336,"template":"","meta":[],"product_brand":[],"product_cat":[2979],"product_tag":[],"class_list":{"0":"post-89695","1":"product","2":"type-product","3":"status-publish","4":"has-post-thumbnail","6":"product_cat-maquinas-de-dobrar","7":"pa_hersteller-mathias-baeuerle","8":"pa_typ-cas-38-4-fl38-sa","10":"first","11":"instock","12":"taxable","13":"shipping-taxable","14":"product-type-simple"},"jetpack_sharing_enabled":true,"_links":{"self":[{"href":"https:\/\/www.3p-gmbh.de\/pt-br\/wp-json\/wp\/v2\/product\/89695","targetHints":{"allow":["GET"]}}],"collection":[{"href":"https:\/\/www.3p-gmbh.de\/pt-br\/wp-json\/wp\/v2\/product"}],"about":[{"href":"https:\/\/www.3p-gmbh.de\/pt-br\/wp-json\/wp\/v2\/types\/product"}],"wp:featuredmedia":[{"embeddable":true,"href":"https:\/\/www.3p-gmbh.de\/pt-br\/wp-json\/wp\/v2\/media\/82336"}],"wp:attachment":[{"href":"https:\/\/www.3p-gmbh.de\/pt-br\/wp-json\/wp\/v2\/media?parent=89695"}],"wp:term":[{"taxonomy":"product_brand","embeddable":true,"href":"https:\/\/www.3p-gmbh.de\/pt-br\/wp-json\/wp\/v2\/product_brand?post=89695"},{"taxonomy":"product_cat","embeddable":true,"href":"https:\/\/www.3p-gmbh.de\/pt-br\/wp-json\/wp\/v2\/product_cat?post=89695"},{"taxonomy":"product_tag","embeddable":true,"href":"https:\/\/www.3p-gmbh.de\/pt-br\/wp-json\/wp\/v2\/product_tag?post=89695"}],"curies":[{"name":"wp","href":"https:\/\/api.w.org\/{rel}","templated":true}]}}