{"id":89667,"date":"2021-11-18T10:52:31","date_gmt":"2021-11-18T10:52:31","guid":{"rendered":"https:\/\/www.3p-gmbh.de\/produkt\/hima-ba-350-30-maquina-de-aplicacao-de-cintas-maquina-de-aplicacao-de-cintas-de-mesa-maquina-de-aplicacao-de-cintas\/"},"modified":"2021-11-18T10:52:31","modified_gmt":"2021-11-18T10:52:31","slug":"hima-ba-350-30-maquina-bandeira-mesa-bandeira-automatica","status":"publish","type":"product","link":"https:\/\/www.3p-gmbh.de\/pt-br\/produkt\/hima-ba-350-30-maquina-bandeira-mesa-bandeira-automatica\/","title":{"rendered":"Hima BA 350-30 M\u00e1quina de aplica\u00e7\u00e3o de cintas M\u00e1quina de aplica\u00e7\u00e3o de cintas de mesa M\u00e1quina de aplica\u00e7\u00e3o de cintas"},"content":{"rendered":"<p><strong>Hima BA 350-30 M\u00e1quina de aplica\u00e7\u00e3o de cintas M\u00e1quina de aplica\u00e7\u00e3o de cintas de mesa M\u00e1quina de aplica\u00e7\u00e3o de cintas  <\/strong><\/p>\n<ul>\n<li>Cria\u00e7\u00e3o autom\u00e1tica de buracos de banda utilizando papel kraft ou pel\u00edcula PE<\/li>\n<li>Produ\u00e7\u00e3o de at\u00e9 23 banderoles por minuto, dependendo do tamanho da embalagem<\/li>\n<li>Silencioso e r\u00e1pido<\/li>\n<li>Largura do produto 30-350 mm<\/li>\n<li>Altura do produto 5-200 mm<\/li>\n<li>Largura de banda 30 mm<\/li>\n<li>O ajuste infinitamente vari\u00e1vel da tens\u00e3o da correia evita danos nos produtos embalados<\/li>\n<li>Funcionamento simples<\/li>\n<li>Ativa\u00e7\u00e3o do rel\u00f3gio atrav\u00e9s de bot\u00e3o de press\u00e3o ou interrutor de p\u00e9<\/li>\n<li>Acionamento autom\u00e1tico do ciclo<\/li>\n<li>Anel de papel infinitamente ajust\u00e1vel<\/li>\n<\/ul>\n<p><strong><em>Dados t\u00e9cnicos<\/em><\/strong><br \/>\nDimens\u00f5es: C 540 x L 350 x A 420 mm<br \/>\nel. Carga ligada: 220 V \/ 50 Hz \/ 140 W<br \/>\nPeso: aprox. 32 kg<\/p>\n","protected":false},"excerpt":{"rendered":"<p>Hima BA 350-30 M\u00e1quina de aplica\u00e7\u00e3o de cintas M\u00e1quina de aplica\u00e7\u00e3o de cintas de mesa M\u00e1quina de aplica\u00e7\u00e3o de cintas Cria\u00e7\u00e3o autom\u00e1tica de buracos de banda utilizando papel kraft ou pel\u00edcula PE Produ\u00e7\u00e3o de at\u00e9 23 banderoles por minuto, dependendo do tamanho da embalagem Silencioso e r\u00e1pido Largura do produto 30-350 mm Altura do produto [&hellip;]<\/p>\n","protected":false},"featured_media":82435,"template":"","meta":[],"product_brand":[],"product_cat":[2859],"product_tag":[],"class_list":{"0":"post-89667","1":"product","2":"type-product","3":"status-publish","4":"has-post-thumbnail","6":"product_cat-maquinas-de-banderoling","7":"pa_hersteller-hima","8":"pa_typ-ba-350-30","10":"first","11":"instock","12":"taxable","13":"shipping-taxable","14":"product-type-simple"},"jetpack_sharing_enabled":true,"_links":{"self":[{"href":"https:\/\/www.3p-gmbh.de\/pt-br\/wp-json\/wp\/v2\/product\/89667","targetHints":{"allow":["GET"]}}],"collection":[{"href":"https:\/\/www.3p-gmbh.de\/pt-br\/wp-json\/wp\/v2\/product"}],"about":[{"href":"https:\/\/www.3p-gmbh.de\/pt-br\/wp-json\/wp\/v2\/types\/product"}],"wp:featuredmedia":[{"embeddable":true,"href":"https:\/\/www.3p-gmbh.de\/pt-br\/wp-json\/wp\/v2\/media\/82435"}],"wp:attachment":[{"href":"https:\/\/www.3p-gmbh.de\/pt-br\/wp-json\/wp\/v2\/media?parent=89667"}],"wp:term":[{"taxonomy":"product_brand","embeddable":true,"href":"https:\/\/www.3p-gmbh.de\/pt-br\/wp-json\/wp\/v2\/product_brand?post=89667"},{"taxonomy":"product_cat","embeddable":true,"href":"https:\/\/www.3p-gmbh.de\/pt-br\/wp-json\/wp\/v2\/product_cat?post=89667"},{"taxonomy":"product_tag","embeddable":true,"href":"https:\/\/www.3p-gmbh.de\/pt-br\/wp-json\/wp\/v2\/product_tag?post=89667"}],"curies":[{"name":"wp","href":"https:\/\/api.w.org\/{rel}","templated":true}]}}