{"id":89654,"date":"2021-12-05T20:55:29","date_gmt":"2021-12-05T20:55:29","guid":{"rendered":"https:\/\/www.3p-gmbh.de\/produkt\/curvas-de-deslocacao-para-a-unidade-de-numeracao-heidelberg-speedmaster-sm-52\/"},"modified":"2021-12-05T20:55:29","modified_gmt":"2021-12-05T20:55:29","slug":"curvas-de-comutacao-para-maquina-de-numeracao-heidelberg-speedmaster-sm-52","status":"publish","type":"product","link":"https:\/\/www.3p-gmbh.de\/pt-br\/produkt\/curvas-de-comutacao-para-maquina-de-numeracao-heidelberg-speedmaster-sm-52\/","title":{"rendered":"Curvas de desloca\u00e7\u00e3o para a unidade de numera\u00e7\u00e3o Heidelberg Speedmaster SM 52"},"content":{"rendered":"<p><strong>Curvas de desloca\u00e7\u00e3o para a unidade de numera\u00e7\u00e3o Heidelberg Speedmaster SM 52<\/strong><\/p>\n<p>V\u00e1rios cames de mudan\u00e7a de velocidades, eixos e tamb\u00e9m an\u00e9is de assento para SM 52<\/p>\n<p>Curvas de comuta\u00e7\u00e3o SM 52 vers\u00e3o LH<br \/>\nCurvas de comuta\u00e7\u00e3o SM 52 vers\u00e3o LR<br \/>\nCurvas de comuta\u00e7\u00e3o SM 52 vers\u00e3o dupla, ou seja, LH e LR juntos, se o espa\u00e7o entre os movimentos for muito pequeno<br \/>\nAnel de assento<\/p>\n","protected":false},"excerpt":{"rendered":"<p>Curvas de desloca\u00e7\u00e3o para a unidade de numera\u00e7\u00e3o Heidelberg Speedmaster SM 52 V\u00e1rios cames de mudan\u00e7a de velocidades, eixos e tamb\u00e9m an\u00e9is de assento para SM 52 Curvas de comuta\u00e7\u00e3o SM 52 vers\u00e3o LH Curvas de comuta\u00e7\u00e3o SM 52 vers\u00e3o LR Curvas de comuta\u00e7\u00e3o SM 52 vers\u00e3o dupla, ou seja, LH e LR juntos, se [&hellip;]<\/p>\n","protected":false},"featured_media":82482,"template":"","meta":[],"product_brand":[],"product_cat":[2898],"product_tag":[],"class_list":{"0":"post-89654","1":"product","2":"type-product","3":"status-publish","4":"has-post-thumbnail","6":"product_cat-acessorios-e-pecas-sobressalentes-para-prensas","8":"first","9":"instock","10":"taxable","11":"shipping-taxable","12":"product-type-simple"},"jetpack_sharing_enabled":true,"_links":{"self":[{"href":"https:\/\/www.3p-gmbh.de\/pt-br\/wp-json\/wp\/v2\/product\/89654","targetHints":{"allow":["GET"]}}],"collection":[{"href":"https:\/\/www.3p-gmbh.de\/pt-br\/wp-json\/wp\/v2\/product"}],"about":[{"href":"https:\/\/www.3p-gmbh.de\/pt-br\/wp-json\/wp\/v2\/types\/product"}],"wp:featuredmedia":[{"embeddable":true,"href":"https:\/\/www.3p-gmbh.de\/pt-br\/wp-json\/wp\/v2\/media\/82482"}],"wp:attachment":[{"href":"https:\/\/www.3p-gmbh.de\/pt-br\/wp-json\/wp\/v2\/media?parent=89654"}],"wp:term":[{"taxonomy":"product_brand","embeddable":true,"href":"https:\/\/www.3p-gmbh.de\/pt-br\/wp-json\/wp\/v2\/product_brand?post=89654"},{"taxonomy":"product_cat","embeddable":true,"href":"https:\/\/www.3p-gmbh.de\/pt-br\/wp-json\/wp\/v2\/product_cat?post=89654"},{"taxonomy":"product_tag","embeddable":true,"href":"https:\/\/www.3p-gmbh.de\/pt-br\/wp-json\/wp\/v2\/product_tag?post=89654"}],"curies":[{"name":"wp","href":"https:\/\/api.w.org\/{rel}","templated":true}]}}