{"id":89653,"date":"2021-11-18T10:55:55","date_gmt":"2021-11-18T10:55:55","guid":{"rendered":"https:\/\/www.3p-gmbh.de\/produkt\/ferramenta-de-perfuracao-de-argolas-de-arame-para-maquinas-de-perfuracao-electricas-renz-dtp-340-e-dtp-340-m\/"},"modified":"2021-11-18T10:55:55","modified_gmt":"2021-11-18T10:55:55","slug":"ferramenta-de-perfuracao-para-maquina-de-perfuracao-electrica-renz-dtp-340-e-dtp-340-m","status":"publish","type":"product","link":"https:\/\/www.3p-gmbh.de\/pt-br\/produkt\/ferramenta-de-perfuracao-para-maquina-de-perfuracao-electrica-renz-dtp-340-e-dtp-340-m\/","title":{"rendered":"Ferramenta de perfura\u00e7\u00e3o de argolas de arame para m\u00e1quinas de perfura\u00e7\u00e3o el\u00e9ctricas Renz DTP 340 e DTP 340 M"},"content":{"rendered":"<p><strong>Ferramenta de perfura\u00e7\u00e3o de argolas de arame para m\u00e1quinas de perfura\u00e7\u00e3o el\u00e9ctricas Renz DTP 340 e DTP 340 M<\/strong><\/p>\n<p>no passo 2-1 com furo redondo de 6 mm<\/p>\n","protected":false},"excerpt":{"rendered":"<p>Ferramenta de perfura\u00e7\u00e3o de argolas de arame para m\u00e1quinas de perfura\u00e7\u00e3o el\u00e9ctricas Renz DTP 340 e DTP 340 M no passo 2-1 com furo redondo de 6 mm<\/p>\n","protected":false},"featured_media":82446,"template":"","meta":[],"product_brand":[],"product_cat":[2906],"product_tag":[],"class_list":{"0":"post-89653","1":"product","2":"type-product","3":"status-publish","4":"has-post-thumbnail","6":"product_cat-perfuracao","8":"first","9":"instock","10":"taxable","11":"shipping-taxable","12":"product-type-simple"},"jetpack_sharing_enabled":true,"_links":{"self":[{"href":"https:\/\/www.3p-gmbh.de\/pt-br\/wp-json\/wp\/v2\/product\/89653","targetHints":{"allow":["GET"]}}],"collection":[{"href":"https:\/\/www.3p-gmbh.de\/pt-br\/wp-json\/wp\/v2\/product"}],"about":[{"href":"https:\/\/www.3p-gmbh.de\/pt-br\/wp-json\/wp\/v2\/types\/product"}],"wp:featuredmedia":[{"embeddable":true,"href":"https:\/\/www.3p-gmbh.de\/pt-br\/wp-json\/wp\/v2\/media\/82446"}],"wp:attachment":[{"href":"https:\/\/www.3p-gmbh.de\/pt-br\/wp-json\/wp\/v2\/media?parent=89653"}],"wp:term":[{"taxonomy":"product_brand","embeddable":true,"href":"https:\/\/www.3p-gmbh.de\/pt-br\/wp-json\/wp\/v2\/product_brand?post=89653"},{"taxonomy":"product_cat","embeddable":true,"href":"https:\/\/www.3p-gmbh.de\/pt-br\/wp-json\/wp\/v2\/product_cat?post=89653"},{"taxonomy":"product_tag","embeddable":true,"href":"https:\/\/www.3p-gmbh.de\/pt-br\/wp-json\/wp\/v2\/product_tag?post=89653"}],"curies":[{"name":"wp","href":"https:\/\/api.w.org\/{rel}","templated":true}]}}