{"id":89637,"date":"2021-12-05T21:10:09","date_gmt":"2021-12-05T21:10:09","guid":{"rendered":"https:\/\/www.3p-gmbh.de\/produkt\/maquina-de-impressao-offset-a-duas-cores-heidelberg-qm-46-2\/"},"modified":"2021-12-05T21:10:09","modified_gmt":"2021-12-05T21:10:09","slug":"maquina-de-impressao-offset-a-duas-cores-heidelberg-qm-46-2","status":"publish","type":"product","link":"https:\/\/www.3p-gmbh.de\/pt-br\/produkt\/maquina-de-impressao-offset-a-duas-cores-heidelberg-qm-46-2\/","title":{"rendered":"M\u00e1quina de impress\u00e3o offset a duas cores Heidelberg QM 46-2"},"content":{"rendered":"<p><strong>Impressora offset a duas cores Heidelberg QM 46-2 com unidade de p\u00f3<br \/>\n<\/strong><br \/>\nLeitura do contador de cerca de 19 milh\u00f5es de euros.<br \/>\nN\u00famero de m\u00e1quina 955751<br \/>\nincl. Ferramentas \/ acess\u00f3rios standard dispon\u00edveis<\/p>\n","protected":false},"excerpt":{"rendered":"<p>Impressora offset a duas cores Heidelberg QM 46-2 com unidade de p\u00f3 Leitura do contador de cerca de 19 milh\u00f5es de euros. N\u00famero de m\u00e1quina 955751 incl. Ferramentas \/ acess\u00f3rios standard dispon\u00edveis<\/p>\n","protected":false},"featured_media":82545,"template":"","meta":[],"product_brand":[],"product_cat":[3075],"product_tag":[],"class_list":{"0":"post-89637","1":"product","2":"type-product","3":"status-publish","4":"has-post-thumbnail","6":"product_cat-folha-de-papel-offset-a-2-cores","7":"pa_hersteller-heidelberg","8":"pa_typ-qm-46-2","10":"first","11":"instock","12":"taxable","13":"shipping-taxable","14":"product-type-simple"},"jetpack_sharing_enabled":true,"_links":{"self":[{"href":"https:\/\/www.3p-gmbh.de\/pt-br\/wp-json\/wp\/v2\/product\/89637","targetHints":{"allow":["GET"]}}],"collection":[{"href":"https:\/\/www.3p-gmbh.de\/pt-br\/wp-json\/wp\/v2\/product"}],"about":[{"href":"https:\/\/www.3p-gmbh.de\/pt-br\/wp-json\/wp\/v2\/types\/product"}],"wp:featuredmedia":[{"embeddable":true,"href":"https:\/\/www.3p-gmbh.de\/pt-br\/wp-json\/wp\/v2\/media\/82545"}],"wp:attachment":[{"href":"https:\/\/www.3p-gmbh.de\/pt-br\/wp-json\/wp\/v2\/media?parent=89637"}],"wp:term":[{"taxonomy":"product_brand","embeddable":true,"href":"https:\/\/www.3p-gmbh.de\/pt-br\/wp-json\/wp\/v2\/product_brand?post=89637"},{"taxonomy":"product_cat","embeddable":true,"href":"https:\/\/www.3p-gmbh.de\/pt-br\/wp-json\/wp\/v2\/product_cat?post=89637"},{"taxonomy":"product_tag","embeddable":true,"href":"https:\/\/www.3p-gmbh.de\/pt-br\/wp-json\/wp\/v2\/product_tag?post=89637"}],"curies":[{"name":"wp","href":"https:\/\/api.w.org\/{rel}","templated":true}]}}