{"id":89619,"date":"2022-01-04T22:59:06","date_gmt":"2022-01-04T22:59:06","guid":{"rendered":"https:\/\/www.3p-gmbh.de\/produkt\/mesa-de-afinacao-de-luz-padrao-whitescreen-com-iluminacao-assimetrica-da-mesa-e-da-parede-traseira\/"},"modified":"2022-01-04T22:59:06","modified_gmt":"2022-01-04T22:59:06","slug":"ecra-branco-norma-de-afinacao-da-luz-escrivaninha-com-iluminacao-assimetrica-da-escrivaninha-e-parede-traseira","status":"publish","type":"product","link":"https:\/\/www.3p-gmbh.de\/pt-br\/produkt\/ecra-branco-norma-de-afinacao-da-luz-escrivaninha-com-iluminacao-assimetrica-da-escrivaninha-e-parede-traseira\/","title":{"rendered":"Mesa de afina\u00e7\u00e3o de luz padr\u00e3o WhiteScreen com ilumina\u00e7\u00e3o assim\u00e9trica da mesa e da parede traseira"},"content":{"rendered":"<p><strong>Mesa de afina\u00e7\u00e3o de luz padr\u00e3o WhiteScreen com ilumina\u00e7\u00e3o assim\u00e9trica da mesa e da parede traseira<\/strong><br \/>\nAlmofada de mesa aprox. 60x90cm<\/p>\n<p>com arm\u00e1rio de gavetas<br \/>\n&#8211; uma gaveta para ferramentas com cerca de 15 cm de altura<br \/>\n&#8211; sete compartimentos de arruma\u00e7\u00e3o com cerca de 6 cm de altura<\/p>\n","protected":false},"excerpt":{"rendered":"<p>Mesa de afina\u00e7\u00e3o de luz padr\u00e3o WhiteScreen com ilumina\u00e7\u00e3o assim\u00e9trica da mesa e da parede traseira Almofada de mesa aprox. 60x90cm com arm\u00e1rio de gavetas &#8211; uma gaveta para ferramentas com cerca de 15 cm de altura &#8211; sete compartimentos de arruma\u00e7\u00e3o com cerca de 6 cm de altura<\/p>\n","protected":false},"featured_media":82726,"template":"","meta":[],"product_brand":[],"product_cat":[2931],"product_tag":[],"class_list":{"0":"post-89619","1":"product","2":"type-product","3":"status-publish","4":"has-post-thumbnail","6":"product_cat-instrumentos-de-medicao-e-garantia-de-qualidade","8":"first","9":"instock","10":"taxable","11":"shipping-taxable","12":"product-type-simple"},"jetpack_sharing_enabled":true,"_links":{"self":[{"href":"https:\/\/www.3p-gmbh.de\/pt-br\/wp-json\/wp\/v2\/product\/89619","targetHints":{"allow":["GET"]}}],"collection":[{"href":"https:\/\/www.3p-gmbh.de\/pt-br\/wp-json\/wp\/v2\/product"}],"about":[{"href":"https:\/\/www.3p-gmbh.de\/pt-br\/wp-json\/wp\/v2\/types\/product"}],"wp:featuredmedia":[{"embeddable":true,"href":"https:\/\/www.3p-gmbh.de\/pt-br\/wp-json\/wp\/v2\/media\/82726"}],"wp:attachment":[{"href":"https:\/\/www.3p-gmbh.de\/pt-br\/wp-json\/wp\/v2\/media?parent=89619"}],"wp:term":[{"taxonomy":"product_brand","embeddable":true,"href":"https:\/\/www.3p-gmbh.de\/pt-br\/wp-json\/wp\/v2\/product_brand?post=89619"},{"taxonomy":"product_cat","embeddable":true,"href":"https:\/\/www.3p-gmbh.de\/pt-br\/wp-json\/wp\/v2\/product_cat?post=89619"},{"taxonomy":"product_tag","embeddable":true,"href":"https:\/\/www.3p-gmbh.de\/pt-br\/wp-json\/wp\/v2\/product_tag?post=89619"}],"curies":[{"name":"wp","href":"https:\/\/api.w.org\/{rel}","templated":true}]}}