{"id":89603,"date":"2022-01-04T23:46:35","date_gmt":"2022-01-04T23:46:35","guid":{"rendered":"https:\/\/www.3p-gmbh.de\/produkt\/heidelberg-stahlfolder-placa-de-fivela-de-fecho-pneumatico-ftf-52\/"},"modified":"2022-01-04T23:46:35","modified_gmt":"2022-01-04T23:46:35","slug":"heidelberg-steel-folder-pneumatic-window-folding-pocket-ftf-52","status":"publish","type":"product","link":"https:\/\/www.3p-gmbh.de\/pt-br\/produkt\/heidelberg-steel-folder-pneumatic-window-folding-pocket-ftf-52\/","title":{"rendered":"Heidelberg Stahlfolder placa de fivela de fecho pneum\u00e1tico FTF 52"},"content":{"rendered":"<p><strong>Heidelberg Stahlfolder placa de fivela de fecho pneum\u00e1tico FTF 52<\/strong><\/p>\n<div>com fotoc\u00e9lula Omron<\/div>\n<div>com unidade de controlo ACC 2.4 em a\u00e7o<\/div>\n<div>com consola e unidade de manuten\u00e7\u00e3o de ar comprimido<\/p>\n<\/div>\n<div>Ar comprimido necess\u00e1rio no local<\/div>\n","protected":false},"excerpt":{"rendered":"<p>Heidelberg Stahlfolder placa de fivela de fecho pneum\u00e1tico FTF 52 com fotoc\u00e9lula Omron com unidade de controlo ACC 2.4 em a\u00e7o com consola e unidade de manuten\u00e7\u00e3o de ar comprimido Ar comprimido necess\u00e1rio no local<\/p>\n","protected":false},"featured_media":82836,"template":"","meta":[],"product_brand":[],"product_cat":[2882],"product_tag":[],"class_list":{"0":"post-89603","1":"product","2":"type-product","3":"status-publish","4":"has-post-thumbnail","6":"product_cat-acessorios-para-maquinas-de-dobrar","7":"pa_hersteller-heidelberg-stahlfolder","8":"pa_typ-ftf-52","10":"first","11":"instock","12":"taxable","13":"shipping-taxable","14":"product-type-simple"},"jetpack_sharing_enabled":true,"_links":{"self":[{"href":"https:\/\/www.3p-gmbh.de\/pt-br\/wp-json\/wp\/v2\/product\/89603","targetHints":{"allow":["GET"]}}],"collection":[{"href":"https:\/\/www.3p-gmbh.de\/pt-br\/wp-json\/wp\/v2\/product"}],"about":[{"href":"https:\/\/www.3p-gmbh.de\/pt-br\/wp-json\/wp\/v2\/types\/product"}],"wp:featuredmedia":[{"embeddable":true,"href":"https:\/\/www.3p-gmbh.de\/pt-br\/wp-json\/wp\/v2\/media\/82836"}],"wp:attachment":[{"href":"https:\/\/www.3p-gmbh.de\/pt-br\/wp-json\/wp\/v2\/media?parent=89603"}],"wp:term":[{"taxonomy":"product_brand","embeddable":true,"href":"https:\/\/www.3p-gmbh.de\/pt-br\/wp-json\/wp\/v2\/product_brand?post=89603"},{"taxonomy":"product_cat","embeddable":true,"href":"https:\/\/www.3p-gmbh.de\/pt-br\/wp-json\/wp\/v2\/product_cat?post=89603"},{"taxonomy":"product_tag","embeddable":true,"href":"https:\/\/www.3p-gmbh.de\/pt-br\/wp-json\/wp\/v2\/product_tag?post=89603"}],"curies":[{"name":"wp","href":"https:\/\/api.w.org\/{rel}","templated":true}]}}