{"id":89591,"date":"2022-01-28T15:08:12","date_gmt":"2022-01-28T15:08:12","guid":{"rendered":"https:\/\/www.3p-gmbh.de\/produkt\/pasta-stahlfolder-sph-70-da-heidelberg-entrega-em-fluxo\/"},"modified":"2022-01-28T15:08:12","modified_gmt":"2022-01-28T15:08:12","slug":"balanca-impressora-display-heidelberg-steel-folder-sph-70","status":"publish","type":"product","link":"https:\/\/www.3p-gmbh.de\/pt-br\/produkt\/balanca-impressora-display-heidelberg-steel-folder-sph-70\/","title":{"rendered":"Pasta Stahlfolder SPH-70 da Heidelberg entrega em fluxo"},"content":{"rendered":"<p><strong>Entrega da prensa de galp\u00e3o Heidelberg Stahlfolder SPH-70 <\/strong><strong><br \/>\nAno de fabrico 2013<\/strong><br \/>\nPrensa m\u00f3vel e regul\u00e1vel em altura, que n\u00e3o prejudica o material<br \/>\ncom controlo de velocidade infinitamente vari\u00e1vel, dispositivo de marca\u00e7\u00e3o integrado, controlo da folha<br \/>\ne controlo da alimenta\u00e7\u00e3o<br \/>\nControlo MCT<\/p>\n","protected":false},"excerpt":{"rendered":"<p>Entrega da prensa de galp\u00e3o Heidelberg Stahlfolder SPH-70 Ano de fabrico 2013 Prensa m\u00f3vel e regul\u00e1vel em altura, que n\u00e3o prejudica o material com controlo de velocidade infinitamente vari\u00e1vel, dispositivo de marca\u00e7\u00e3o integrado, controlo da folha e controlo da alimenta\u00e7\u00e3o Controlo MCT<\/p>\n","protected":false},"featured_media":82872,"template":"","meta":[],"product_brand":[],"product_cat":[2919],"product_tag":[],"class_list":{"0":"post-89591","1":"product","2":"type-product","3":"status-publish","4":"has-post-thumbnail","6":"product_cat-despesas","7":"pa_hersteller-heidelberg-stahlfolder","8":"pa_typ-stahlfolder-sph-70","10":"first","11":"instock","12":"taxable","13":"shipping-taxable","14":"product-type-simple"},"jetpack_sharing_enabled":true,"_links":{"self":[{"href":"https:\/\/www.3p-gmbh.de\/pt-br\/wp-json\/wp\/v2\/product\/89591","targetHints":{"allow":["GET"]}}],"collection":[{"href":"https:\/\/www.3p-gmbh.de\/pt-br\/wp-json\/wp\/v2\/product"}],"about":[{"href":"https:\/\/www.3p-gmbh.de\/pt-br\/wp-json\/wp\/v2\/types\/product"}],"wp:featuredmedia":[{"embeddable":true,"href":"https:\/\/www.3p-gmbh.de\/pt-br\/wp-json\/wp\/v2\/media\/82872"}],"wp:attachment":[{"href":"https:\/\/www.3p-gmbh.de\/pt-br\/wp-json\/wp\/v2\/media?parent=89591"}],"wp:term":[{"taxonomy":"product_brand","embeddable":true,"href":"https:\/\/www.3p-gmbh.de\/pt-br\/wp-json\/wp\/v2\/product_brand?post=89591"},{"taxonomy":"product_cat","embeddable":true,"href":"https:\/\/www.3p-gmbh.de\/pt-br\/wp-json\/wp\/v2\/product_cat?post=89591"},{"taxonomy":"product_tag","embeddable":true,"href":"https:\/\/www.3p-gmbh.de\/pt-br\/wp-json\/wp\/v2\/product_tag?post=89591"}],"curies":[{"name":"wp","href":"https:\/\/api.w.org\/{rel}","templated":true}]}}