{"id":89581,"date":"2022-01-28T15:14:14","date_gmt":"2022-01-28T15:14:14","guid":{"rendered":"https:\/\/www.3p-gmbh.de\/produkt\/maquina-de-agrafar-blocos-e-cadernos-de-arame-com-3-cabecas-de-mesa-e-varias-cabecas-para-agrafamento-normal-hohner-exact\/"},"modified":"2022-01-28T15:14:14","modified_gmt":"2022-01-28T15:14:14","slug":"maquina-de-agrafagem-de-arame-para-agrafagem-normal-de-alta-precisao-de-3-cabecas-de-mesa-com-varias-cabecas-de-bloco-e-brochuras","status":"publish","type":"product","link":"https:\/\/www.3p-gmbh.de\/pt-br\/produkt\/maquina-de-agrafagem-de-arame-para-agrafagem-normal-de-alta-precisao-de-3-cabecas-de-mesa-com-varias-cabecas-de-bloco-e-brochuras\/","title":{"rendered":"M\u00e1quina de agrafar blocos e cadernos de arame com 3 cabe\u00e7as de mesa e v\u00e1rias cabe\u00e7as para agrafamento normal HOHNER EXACT"},"content":{"rendered":"<p><strong>M\u00e1quina de agrafagem de blocos e cadernos com v\u00e1rias cabe\u00e7as de mesa HOHNER EXACT para agrafagem normal<br \/>\n<\/strong><strong>Ano de fabrico 1991 &#8211; completamente revista na oficina<\/strong><\/p>\n<p>Instala\u00e7\u00e3o de at\u00e9 quatro cabe\u00e7as de costura estreita HOHNER UNIVERSAL 52\/8 para<br \/>\nAgrafagem normal, agrafagem com ilh\u00f3s ou aplica\u00e7\u00e3o mista.<br \/>\nIgualmente adequado como m\u00e1quina aut\u00f3noma ou como unidade integrada.<\/p>\n<p>-Espessura m\u00e1xima de agrafos de 8 mm para agrafos normais<br \/>\n-Mesa de agrafagem facilmente ajust\u00e1vel: direita para blocos, inclinada para cadernos.<br \/>\n-A resist\u00eancia dos agrafos e o comprimento do fio s\u00e3o ajustados simultaneamente e de forma centralizada para todas as cabe\u00e7as.<br \/>\nregulada atrav\u00e9s de uma \u00fanica alavanca.<br \/>\n-Um batente traseiro e dois laterais, todos regul\u00e1veis, permitem<br \/>\npara garantir que os suportes est\u00e3o sempre posicionados no local pretendido.<br \/>\n-As cabe\u00e7as de agrafagem podem ser rapidamente retiradas ou colocadas, e as cabe\u00e7as de agrafagem podem ser<br \/>\npode ser adiada ou simplesmente desligada temporariamente.<\/p>\n<p>-Capacidade m\u00e1xima de agrafamento: 206 agrafos \/ minuto por cabe\u00e7a.<\/p>\n<p>-Desbloqueio do p\u00e9<br \/>\n-Tamanho da mesa: 550 x 280 mm<br \/>\n-profundidade de inser\u00e7\u00e3o a partir da camp\u00e2nula 165 mm<br \/>\n-dist\u00e2ncia de fixa\u00e7\u00e3o m\u00e1x. 330 mm<br \/>\n-dist\u00e2ncia de fixa\u00e7\u00e3o min. 52-62 mm<\/p>\n","protected":false},"excerpt":{"rendered":"<p>M\u00e1quina de agrafagem de blocos e cadernos com v\u00e1rias cabe\u00e7as de mesa HOHNER EXACT para agrafagem normal Ano de fabrico 1991 &#8211; completamente revista na oficina Instala\u00e7\u00e3o de at\u00e9 quatro cabe\u00e7as de costura estreita HOHNER UNIVERSAL 52\/8 para Agrafagem normal, agrafagem com ilh\u00f3s ou aplica\u00e7\u00e3o mista. Igualmente adequado como m\u00e1quina aut\u00f3noma ou como unidade integrada. [&hellip;]<\/p>\n","protected":false},"featured_media":82890,"template":"","meta":[],"product_brand":[],"product_cat":[2996],"product_tag":[],"class_list":{"0":"post-89581","1":"product","2":"type-product","3":"status-publish","4":"has-post-thumbnail","6":"product_cat-maquinas-de-agrafar","7":"pa_hersteller-hohner","8":"pa_typ-exact","10":"first","11":"instock","12":"taxable","13":"shipping-taxable","14":"product-type-simple"},"jetpack_sharing_enabled":true,"_links":{"self":[{"href":"https:\/\/www.3p-gmbh.de\/pt-br\/wp-json\/wp\/v2\/product\/89581","targetHints":{"allow":["GET"]}}],"collection":[{"href":"https:\/\/www.3p-gmbh.de\/pt-br\/wp-json\/wp\/v2\/product"}],"about":[{"href":"https:\/\/www.3p-gmbh.de\/pt-br\/wp-json\/wp\/v2\/types\/product"}],"wp:featuredmedia":[{"embeddable":true,"href":"https:\/\/www.3p-gmbh.de\/pt-br\/wp-json\/wp\/v2\/media\/82890"}],"wp:attachment":[{"href":"https:\/\/www.3p-gmbh.de\/pt-br\/wp-json\/wp\/v2\/media?parent=89581"}],"wp:term":[{"taxonomy":"product_brand","embeddable":true,"href":"https:\/\/www.3p-gmbh.de\/pt-br\/wp-json\/wp\/v2\/product_brand?post=89581"},{"taxonomy":"product_cat","embeddable":true,"href":"https:\/\/www.3p-gmbh.de\/pt-br\/wp-json\/wp\/v2\/product_cat?post=89581"},{"taxonomy":"product_tag","embeddable":true,"href":"https:\/\/www.3p-gmbh.de\/pt-br\/wp-json\/wp\/v2\/product_tag?post=89581"}],"curies":[{"name":"wp","href":"https:\/\/api.w.org\/{rel}","templated":true}]}}