{"id":89575,"date":"2022-01-28T15:24:22","date_gmt":"2022-01-28T15:24:22","guid":{"rendered":"https:\/\/www.3p-gmbh.de\/produkt\/vibrador-de-pe-muero-48x68cm\/"},"modified":"2022-01-28T15:24:22","modified_gmt":"2022-01-28T15:24:22","slug":"muero-stand-ruettler-48x68cm","status":"publish","type":"product","link":"https:\/\/www.3p-gmbh.de\/pt-br\/produkt\/muero-stand-ruettler-48x68cm\/","title":{"rendered":"Vibrador de p\u00e9 M\u00fcro 48x68cm"},"content":{"rendered":"<p><strong>Vibrador de p\u00e9 M\u00fcro 48x68cm<\/strong><\/p>\n","protected":false},"excerpt":{"rendered":"<p>Vibrador de p\u00e9 M\u00fcro 48x68cm<\/p>\n","protected":false},"featured_media":82920,"template":"","meta":[],"product_brand":[],"product_cat":[3069],"product_tag":[],"class_list":{"0":"post-89575","1":"product","2":"type-product","3":"status-publish","4":"has-post-thumbnail","6":"product_cat-mesas-vibratorias","7":"pa_hersteller-muero-2","9":"first","10":"instock","11":"taxable","12":"shipping-taxable","13":"product-type-simple"},"jetpack_sharing_enabled":true,"_links":{"self":[{"href":"https:\/\/www.3p-gmbh.de\/pt-br\/wp-json\/wp\/v2\/product\/89575","targetHints":{"allow":["GET"]}}],"collection":[{"href":"https:\/\/www.3p-gmbh.de\/pt-br\/wp-json\/wp\/v2\/product"}],"about":[{"href":"https:\/\/www.3p-gmbh.de\/pt-br\/wp-json\/wp\/v2\/types\/product"}],"wp:featuredmedia":[{"embeddable":true,"href":"https:\/\/www.3p-gmbh.de\/pt-br\/wp-json\/wp\/v2\/media\/82920"}],"wp:attachment":[{"href":"https:\/\/www.3p-gmbh.de\/pt-br\/wp-json\/wp\/v2\/media?parent=89575"}],"wp:term":[{"taxonomy":"product_brand","embeddable":true,"href":"https:\/\/www.3p-gmbh.de\/pt-br\/wp-json\/wp\/v2\/product_brand?post=89575"},{"taxonomy":"product_cat","embeddable":true,"href":"https:\/\/www.3p-gmbh.de\/pt-br\/wp-json\/wp\/v2\/product_cat?post=89575"},{"taxonomy":"product_tag","embeddable":true,"href":"https:\/\/www.3p-gmbh.de\/pt-br\/wp-json\/wp\/v2\/product_tag?post=89575"}],"curies":[{"name":"wp","href":"https:\/\/api.w.org\/{rel}","templated":true}]}}