{"id":89569,"date":"2022-01-28T15:35:37","date_gmt":"2022-01-28T15:35:37","guid":{"rendered":"https:\/\/www.3p-gmbh.de\/produkt\/maquina-de-aplicacao-de-cintas-movel-band-all-modelo-ba-40-30\/"},"modified":"2022-01-28T15:35:37","modified_gmt":"2022-01-28T15:35:37","slug":"maquina-de-banda-larga-movel-todos-os-modelos-ba-40-30","status":"publish","type":"product","link":"https:\/\/www.3p-gmbh.de\/pt-br\/produkt\/maquina-de-banda-larga-movel-todos-os-modelos-ba-40-30\/","title":{"rendered":"m\u00e1quina de aplica\u00e7\u00e3o de cintas m\u00f3vel Band All modelo BA 40-30"},"content":{"rendered":"<p><strong>m\u00e1quina de aplica\u00e7\u00e3o de cintas m\u00f3vel Band All modelo BA 40-30<\/strong><\/p>\n<p>para pel\u00edcula de pl\u00e1stico (tamb\u00e9m extremamente fina) e fita de papel<br \/>\nLargura da tira: 30 mm<br \/>\nEmbalagens: L 40 x A 250 mm<br \/>\nPodem ser guardados v\u00e1rios programas<br \/>\nAjuste da tens\u00e3o da correia<br \/>\nDefini\u00e7\u00e3o do tempo de soldadura<br \/>\nAjustamento da dura\u00e7\u00e3o da execu\u00e7\u00e3o<br \/>\nV\u00e1rias outras defini\u00e7\u00f5es<br \/>\nLiga\u00e7\u00e3o pneum\u00e1tica (ar comprimido a fornecer pelo cliente)<br \/>\nLiga\u00e7\u00e3o: 230 V<\/p>\n","protected":false},"excerpt":{"rendered":"<p>m\u00e1quina de aplica\u00e7\u00e3o de cintas m\u00f3vel Band All modelo BA 40-30 para pel\u00edcula de pl\u00e1stico (tamb\u00e9m extremamente fina) e fita de papel Largura da tira: 30 mm Embalagens: L 40 x A 250 mm Podem ser guardados v\u00e1rios programas Ajuste da tens\u00e3o da correia Defini\u00e7\u00e3o do tempo de soldadura Ajustamento da dura\u00e7\u00e3o da execu\u00e7\u00e3o V\u00e1rias [&hellip;]<\/p>\n","protected":false},"featured_media":82944,"template":"","meta":[],"product_brand":[],"product_cat":[2859],"product_tag":[],"class_list":{"0":"post-89569","1":"product","2":"type-product","3":"status-publish","4":"has-post-thumbnail","6":"product_cat-maquinas-de-banderoling","7":"pa_hersteller-band-all","8":"pa_typ-ba-40-30","10":"first","11":"instock","12":"taxable","13":"shipping-taxable","14":"product-type-simple"},"jetpack_sharing_enabled":true,"_links":{"self":[{"href":"https:\/\/www.3p-gmbh.de\/pt-br\/wp-json\/wp\/v2\/product\/89569","targetHints":{"allow":["GET"]}}],"collection":[{"href":"https:\/\/www.3p-gmbh.de\/pt-br\/wp-json\/wp\/v2\/product"}],"about":[{"href":"https:\/\/www.3p-gmbh.de\/pt-br\/wp-json\/wp\/v2\/types\/product"}],"wp:featuredmedia":[{"embeddable":true,"href":"https:\/\/www.3p-gmbh.de\/pt-br\/wp-json\/wp\/v2\/media\/82944"}],"wp:attachment":[{"href":"https:\/\/www.3p-gmbh.de\/pt-br\/wp-json\/wp\/v2\/media?parent=89569"}],"wp:term":[{"taxonomy":"product_brand","embeddable":true,"href":"https:\/\/www.3p-gmbh.de\/pt-br\/wp-json\/wp\/v2\/product_brand?post=89569"},{"taxonomy":"product_cat","embeddable":true,"href":"https:\/\/www.3p-gmbh.de\/pt-br\/wp-json\/wp\/v2\/product_cat?post=89569"},{"taxonomy":"product_tag","embeddable":true,"href":"https:\/\/www.3p-gmbh.de\/pt-br\/wp-json\/wp\/v2\/product_tag?post=89569"}],"curies":[{"name":"wp","href":"https:\/\/api.w.org\/{rel}","templated":true}]}}