{"id":89547,"date":"2022-06-15T18:55:26","date_gmt":"2022-06-15T18:55:26","guid":{"rendered":"https:\/\/www.3p-gmbh.de\/produkt\/maquina-especial-maquina-de-colagem-de-dois-rolos-sumbel-herold-1200-com-transporte-por-correia\/"},"modified":"2022-06-15T18:55:26","modified_gmt":"2022-06-15T18:55:26","slug":"maquina-especial-maquina-de-arranque-de-dois-rolos-maquina-sumbel-herold-1200-com-correia-transporte","status":"publish","type":"product","link":"https:\/\/www.3p-gmbh.de\/pt-br\/produkt\/maquina-especial-maquina-de-arranque-de-dois-rolos-maquina-sumbel-herold-1200-com-correia-transporte\/","title":{"rendered":"M\u00e1quina especial M\u00e1quina de colagem de dois rolos Sumbel Herold 1200 com transporte por correia"},"content":{"rendered":"<p><strong>M\u00e1quina especial M\u00e1quina de colagem de dois rolos Sumbel Herold 1200 com transporte por correia<\/strong><\/p>\n<p>Largura de trabalho 1200mm<br \/>\n8 Piscinas de chumbo frio<br \/>\n8 discos de cola com cerca de 6 mm de espessura<br \/>\nTapete transportador para o transporte de material para a mesa de trabalho manual<\/p>\n","protected":false},"excerpt":{"rendered":"<p>M\u00e1quina especial M\u00e1quina de colagem de dois rolos Sumbel Herold 1200 com transporte por correia Largura de trabalho 1200mm 8 Piscinas de chumbo frio 8 discos de cola com cerca de 6 mm de espessura Tapete transportador para o transporte de material para a mesa de trabalho manual<\/p>\n","protected":false},"featured_media":83608,"template":"","meta":[],"product_brand":[],"product_cat":[2892],"product_tag":[],"class_list":{"0":"post-89547","1":"product","2":"type-product","3":"status-publish","4":"has-post-thumbnail","6":"product_cat-encadernacao-de-sortido","7":"pa_hersteller-sumbel-herold","8":"pa_typ-1898","10":"first","11":"instock","12":"taxable","13":"shipping-taxable","14":"product-type-simple"},"jetpack_sharing_enabled":true,"_links":{"self":[{"href":"https:\/\/www.3p-gmbh.de\/pt-br\/wp-json\/wp\/v2\/product\/89547","targetHints":{"allow":["GET"]}}],"collection":[{"href":"https:\/\/www.3p-gmbh.de\/pt-br\/wp-json\/wp\/v2\/product"}],"about":[{"href":"https:\/\/www.3p-gmbh.de\/pt-br\/wp-json\/wp\/v2\/types\/product"}],"wp:featuredmedia":[{"embeddable":true,"href":"https:\/\/www.3p-gmbh.de\/pt-br\/wp-json\/wp\/v2\/media\/83608"}],"wp:attachment":[{"href":"https:\/\/www.3p-gmbh.de\/pt-br\/wp-json\/wp\/v2\/media?parent=89547"}],"wp:term":[{"taxonomy":"product_brand","embeddable":true,"href":"https:\/\/www.3p-gmbh.de\/pt-br\/wp-json\/wp\/v2\/product_brand?post=89547"},{"taxonomy":"product_cat","embeddable":true,"href":"https:\/\/www.3p-gmbh.de\/pt-br\/wp-json\/wp\/v2\/product_cat?post=89547"},{"taxonomy":"product_tag","embeddable":true,"href":"https:\/\/www.3p-gmbh.de\/pt-br\/wp-json\/wp\/v2\/product_tag?post=89547"}],"curies":[{"name":"wp","href":"https:\/\/api.w.org\/{rel}","templated":true}]}}