{"id":89538,"date":"2022-06-21T19:43:41","date_gmt":"2022-06-21T19:43:41","guid":{"rendered":"https:\/\/www.3p-gmbh.de\/produkt\/balanca-de-folhas-mettler-toledo-dufk-600-com-escala-de-referencia\/"},"modified":"2022-06-21T19:43:41","modified_gmt":"2022-06-21T19:43:41","slug":"mettler-toledo-dufk-600-arch-balance-with-reference-balance-balanca-de-arco-com-balanca-de-referencia","status":"publish","type":"product","link":"https:\/\/www.3p-gmbh.de\/pt-br\/produkt\/mettler-toledo-dufk-600-arch-balance-with-reference-balance-balanca-de-arco-com-balanca-de-referencia\/","title":{"rendered":"Balan\u00e7a de folhas Mettler Toledo DUFK 600 com escala de refer\u00eancia"},"content":{"rendered":"<p><strong>Balan\u00e7a de folhas Mettler Toledo DUFK 600 com escala de refer\u00eancia<\/strong><br \/>\n<strong>Escala de contagem para o tamanho da plataforma adequada para vibradores Polar Mohr RA-2 ou Polar RA-4 ou outras marcas<\/strong><br \/>\ndo ano. 2017<\/p>\n<p>para a cria\u00e7\u00e3o de camadas de corte com precis\u00e3o de quantidade<\/p>\n","protected":false},"excerpt":{"rendered":"<p>Balan\u00e7a de folhas Mettler Toledo DUFK 600 com escala de refer\u00eancia Escala de contagem para o tamanho da plataforma adequada para vibradores Polar Mohr RA-2 ou Polar RA-4 ou outras marcas do ano. 2017 para a cria\u00e7\u00e3o de camadas de corte com precis\u00e3o de quantidade<\/p>\n","protected":false},"featured_media":94503,"template":"","meta":[],"product_brand":[],"product_cat":[2851,3017],"product_tag":[],"class_list":{"0":"post-89538","1":"product","2":"type-product","3":"status-publish","4":"has-post-thumbnail","6":"product_cat-acessorios","7":"product_cat-maquinas-de-corte","8":"pa_hersteller-mettler-toledo","9":"pa_typ-dufk-600","11":"first","12":"instock","13":"taxable","14":"shipping-taxable","15":"product-type-simple"},"jetpack_sharing_enabled":true,"_links":{"self":[{"href":"https:\/\/www.3p-gmbh.de\/pt-br\/wp-json\/wp\/v2\/product\/89538","targetHints":{"allow":["GET"]}}],"collection":[{"href":"https:\/\/www.3p-gmbh.de\/pt-br\/wp-json\/wp\/v2\/product"}],"about":[{"href":"https:\/\/www.3p-gmbh.de\/pt-br\/wp-json\/wp\/v2\/types\/product"}],"wp:featuredmedia":[{"embeddable":true,"href":"https:\/\/www.3p-gmbh.de\/pt-br\/wp-json\/wp\/v2\/media\/94503"}],"wp:attachment":[{"href":"https:\/\/www.3p-gmbh.de\/pt-br\/wp-json\/wp\/v2\/media?parent=89538"}],"wp:term":[{"taxonomy":"product_brand","embeddable":true,"href":"https:\/\/www.3p-gmbh.de\/pt-br\/wp-json\/wp\/v2\/product_brand?post=89538"},{"taxonomy":"product_cat","embeddable":true,"href":"https:\/\/www.3p-gmbh.de\/pt-br\/wp-json\/wp\/v2\/product_cat?post=89538"},{"taxonomy":"product_tag","embeddable":true,"href":"https:\/\/www.3p-gmbh.de\/pt-br\/wp-json\/wp\/v2\/product_tag?post=89538"}],"curies":[{"name":"wp","href":"https:\/\/api.w.org\/{rel}","templated":true}]}}