{"id":89535,"date":"2022-07-10T21:08:14","date_gmt":"2022-07-10T21:08:14","guid":{"rendered":"https:\/\/www.3p-gmbh.de\/produkt\/werner-achilles-sondermaschinenbau-alimentador-automatico-movel-para-papel-cartao-pequeno-formato-ate-50x60-cm\/"},"modified":"2022-07-10T21:08:14","modified_gmt":"2022-07-10T21:08:14","slug":"werner-achilles-maquina-especial-alimentadora-automatica-movel-para-papel-cartao-pequeno-formato-ate-50x60-cm","status":"publish","type":"product","link":"https:\/\/www.3p-gmbh.de\/pt-br\/produkt\/werner-achilles-maquina-especial-alimentadora-automatica-movel-para-papel-cartao-pequeno-formato-ate-50x60-cm\/","title":{"rendered":"Werner Achilles Sondermaschinenbau &#8211; alimentador autom\u00e1tico m\u00f3vel para papel \/ cart\u00e3o &#8211; pequeno formato at\u00e9 50&#215;60 cm"},"content":{"rendered":"<p><strong>Constru\u00e7\u00e3o especial da m\u00e1quina com base num alimentador KM 500<\/strong><br \/>\n<strong>Alimentador autom\u00e1tico m\u00f3vel para papel \/ cart\u00e3o &#8211; pequeno formato<\/strong><br \/>\n<strong>Ano de fabrico 2017<\/strong><\/p>\n<p>Largura de trabalho m\u00e1x. 50&#215;60 cm<br \/>\nLargura de trabalho min 13&#215;32 cm<br \/>\nAlimentador de pilha plana Altura de empilhamento aprox. 70 cm<\/p>\n<p>As placas da imagem t\u00eam 2,2 mm de espessura.<br \/>\nNo m\u00e1ximo. O formato de 50x60cm deve, por conseguinte, ser de 600g\/m\u00b2.<br \/>\nn\u00e3o ser um problema&#8230;.<\/p>\n<p>Revis\u00e3o mec\u00e2nica + el\u00e9ctrica, sistema de controlo constru\u00eddo pelo pr\u00f3prio com componentes Siemens<br \/>\nBomba de v\u00e1cuo nova, barreiras de luz novas,<br \/>\nCorreias transportadoras novas etc&#8230;.<\/p>\n<p>Sem marca\u00e7\u00e3o CE!<\/p>\n","protected":false},"excerpt":{"rendered":"<p>Constru\u00e7\u00e3o especial da m\u00e1quina com base num alimentador KM 500 Alimentador autom\u00e1tico m\u00f3vel para papel \/ cart\u00e3o &#8211; pequeno formato Ano de fabrico 2017 Largura de trabalho m\u00e1x. 50&#215;60 cm Largura de trabalho min 13&#215;32 cm Alimentador de pilha plana Altura de empilhamento aprox. 70 cm As placas da imagem t\u00eam 2,2 mm de espessura. [&hellip;]<\/p>\n","protected":false},"featured_media":83776,"template":"","meta":[],"product_brand":[],"product_cat":[3019],"product_tag":[],"class_list":{"0":"post-89535","1":"product","2":"type-product","3":"status-publish","4":"has-post-thumbnail","6":"product_cat-investidores","7":"pa_hersteller-werner-achilles","9":"first","10":"instock","11":"taxable","12":"shipping-taxable","13":"product-type-simple"},"jetpack_sharing_enabled":true,"_links":{"self":[{"href":"https:\/\/www.3p-gmbh.de\/pt-br\/wp-json\/wp\/v2\/product\/89535","targetHints":{"allow":["GET"]}}],"collection":[{"href":"https:\/\/www.3p-gmbh.de\/pt-br\/wp-json\/wp\/v2\/product"}],"about":[{"href":"https:\/\/www.3p-gmbh.de\/pt-br\/wp-json\/wp\/v2\/types\/product"}],"wp:featuredmedia":[{"embeddable":true,"href":"https:\/\/www.3p-gmbh.de\/pt-br\/wp-json\/wp\/v2\/media\/83776"}],"wp:attachment":[{"href":"https:\/\/www.3p-gmbh.de\/pt-br\/wp-json\/wp\/v2\/media?parent=89535"}],"wp:term":[{"taxonomy":"product_brand","embeddable":true,"href":"https:\/\/www.3p-gmbh.de\/pt-br\/wp-json\/wp\/v2\/product_brand?post=89535"},{"taxonomy":"product_cat","embeddable":true,"href":"https:\/\/www.3p-gmbh.de\/pt-br\/wp-json\/wp\/v2\/product_cat?post=89535"},{"taxonomy":"product_tag","embeddable":true,"href":"https:\/\/www.3p-gmbh.de\/pt-br\/wp-json\/wp\/v2\/product_tag?post=89535"}],"curies":[{"name":"wp","href":"https:\/\/api.w.org\/{rel}","templated":true}]}}