{"id":89532,"date":"2022-07-10T21:14:08","date_gmt":"2022-07-10T21:14:08","guid":{"rendered":"https:\/\/www.3p-gmbh.de\/produkt\/mesa-de-fita-de-succao-de-microjacto-para-enderecamento\/"},"modified":"2022-07-10T21:14:08","modified_gmt":"2022-07-10T21:14:08","slug":"correia-de-succao-de-microjactos-para-enderecamento","status":"publish","type":"product","link":"https:\/\/www.3p-gmbh.de\/pt-br\/produkt\/correia-de-succao-de-microjactos-para-enderecamento\/","title":{"rendered":"Mesa de fita de suc\u00e7\u00e3o de microjacto para endere\u00e7amento"},"content":{"rendered":"<p><strong>Mesa com cinto de aspira\u00e7\u00e3o Microjet regul\u00e1vel em altura e com controlo de frequ\u00eancia<br \/>\n<\/strong><br \/>\npara abordar<br \/>\nComprimento aprox. 1600m<br \/>\nLargura de entrada aprox. 85,cm<\/p>\n","protected":false},"excerpt":{"rendered":"<p>Mesa com cinto de aspira\u00e7\u00e3o Microjet regul\u00e1vel em altura e com controlo de frequ\u00eancia para abordar Comprimento aprox. 1600m Largura de entrada aprox. 85,cm<\/p>\n","protected":false},"featured_media":83800,"template":"","meta":[],"product_brand":[],"product_cat":[3062,3041],"product_tag":[],"class_list":{"0":"post-89532","1":"product","2":"type-product","3":"status-publish","4":"has-post-thumbnail","6":"product_cat-sistemas-de-correio","7":"product_cat-tecnologia-de-transporte","8":"pa_hersteller-microjet-systems","10":"first","11":"instock","12":"taxable","13":"shipping-taxable","14":"product-type-simple"},"jetpack_sharing_enabled":true,"_links":{"self":[{"href":"https:\/\/www.3p-gmbh.de\/pt-br\/wp-json\/wp\/v2\/product\/89532","targetHints":{"allow":["GET"]}}],"collection":[{"href":"https:\/\/www.3p-gmbh.de\/pt-br\/wp-json\/wp\/v2\/product"}],"about":[{"href":"https:\/\/www.3p-gmbh.de\/pt-br\/wp-json\/wp\/v2\/types\/product"}],"wp:featuredmedia":[{"embeddable":true,"href":"https:\/\/www.3p-gmbh.de\/pt-br\/wp-json\/wp\/v2\/media\/83800"}],"wp:attachment":[{"href":"https:\/\/www.3p-gmbh.de\/pt-br\/wp-json\/wp\/v2\/media?parent=89532"}],"wp:term":[{"taxonomy":"product_brand","embeddable":true,"href":"https:\/\/www.3p-gmbh.de\/pt-br\/wp-json\/wp\/v2\/product_brand?post=89532"},{"taxonomy":"product_cat","embeddable":true,"href":"https:\/\/www.3p-gmbh.de\/pt-br\/wp-json\/wp\/v2\/product_cat?post=89532"},{"taxonomy":"product_tag","embeddable":true,"href":"https:\/\/www.3p-gmbh.de\/pt-br\/wp-json\/wp\/v2\/product_tag?post=89532"}],"curies":[{"name":"wp","href":"https:\/\/api.w.org\/{rel}","templated":true}]}}