{"id":89507,"date":"2022-08-02T13:19:58","date_gmt":"2022-08-02T13:19:58","guid":{"rendered":"https:\/\/www.3p-gmbh.de\/produkt\/linha-automatica-de-perfuracao-de-papel-duerselen-corta-pb-09-f\/"},"modified":"2022-08-02T13:19:58","modified_gmt":"2022-08-02T13:19:58","slug":"linha-de-perfuracao-automatica-de-papel-duerselen-corta-pb-09-f","status":"publish","type":"product","link":"https:\/\/www.3p-gmbh.de\/pt-br\/produkt\/linha-de-perfuracao-automatica-de-papel-duerselen-corta-pb-09-f\/","title":{"rendered":"linha autom\u00e1tica de perfura\u00e7\u00e3o de papel D\u00fcrselen Corta PB 09 F"},"content":{"rendered":"<p><strong>linha autom\u00e1tica de perfura\u00e7\u00e3o de papel D\u00fcrselen Corta PB 09 F<\/strong><br \/>\n<strong>a partir de 2005<\/strong><\/p>\n<p>com balancim plano e 4 cabe\u00e7as de perfura\u00e7\u00e3o<\/p>\n<p><a href=\"https:\/\/www.3p-gmbh.de\/wp-content\/uploads\/2022\/08\/Prospekt_Duerselen_PB09Flach.pdf\">Folheto_Duerselen_PB09+Flat<\/a><\/p>\n","protected":false},"excerpt":{"rendered":"<p>linha autom\u00e1tica de perfura\u00e7\u00e3o de papel D\u00fcrselen Corta PB 09 F a partir de 2005 com balancim plano e 4 cabe\u00e7as de perfura\u00e7\u00e3o Folheto_Duerselen_PB09+Flat<\/p>\n","protected":false},"featured_media":83962,"template":"","meta":[],"product_brand":[],"product_cat":[2958],"product_tag":[],"class_list":{"0":"post-89507","1":"product","2":"type-product","3":"status-publish","4":"has-post-thumbnail","6":"product_cat-brocas-de-papel","7":"pa_hersteller-duerselen-2","8":"pa_typ-corta-pb-09-f","10":"first","11":"instock","12":"taxable","13":"shipping-taxable","14":"product-type-simple"},"jetpack_sharing_enabled":true,"_links":{"self":[{"href":"https:\/\/www.3p-gmbh.de\/pt-br\/wp-json\/wp\/v2\/product\/89507","targetHints":{"allow":["GET"]}}],"collection":[{"href":"https:\/\/www.3p-gmbh.de\/pt-br\/wp-json\/wp\/v2\/product"}],"about":[{"href":"https:\/\/www.3p-gmbh.de\/pt-br\/wp-json\/wp\/v2\/types\/product"}],"wp:featuredmedia":[{"embeddable":true,"href":"https:\/\/www.3p-gmbh.de\/pt-br\/wp-json\/wp\/v2\/media\/83962"}],"wp:attachment":[{"href":"https:\/\/www.3p-gmbh.de\/pt-br\/wp-json\/wp\/v2\/media?parent=89507"}],"wp:term":[{"taxonomy":"product_brand","embeddable":true,"href":"https:\/\/www.3p-gmbh.de\/pt-br\/wp-json\/wp\/v2\/product_brand?post=89507"},{"taxonomy":"product_cat","embeddable":true,"href":"https:\/\/www.3p-gmbh.de\/pt-br\/wp-json\/wp\/v2\/product_cat?post=89507"},{"taxonomy":"product_tag","embeddable":true,"href":"https:\/\/www.3p-gmbh.de\/pt-br\/wp-json\/wp\/v2\/product_tag?post=89507"}],"curies":[{"name":"wp","href":"https:\/\/api.w.org\/{rel}","templated":true}]}}