{"id":89502,"date":"2022-08-02T14:33:42","date_gmt":"2022-08-02T14:33:42","guid":{"rendered":"https:\/\/www.3p-gmbh.de\/produkt\/maquina-de-colar-a-frio-e-a-quente-de-dois-rolos-como-nova-sumbel-herold-500\/"},"modified":"2022-08-02T14:33:42","modified_gmt":"2022-08-02T14:33:42","slug":"as-new-two-roller-cold-warm-glue-gluing-machine-sumbel-herold-500","status":"publish","type":"product","link":"https:\/\/www.3p-gmbh.de\/pt-br\/produkt\/as-new-two-roller-cold-warm-glue-gluing-machine-sumbel-herold-500\/","title":{"rendered":"M\u00e1quina de colar a frio e a quente de dois rolos, como nova, Sumbel Herold 500"},"content":{"rendered":"<p><strong>Espalhador de cola de dois rolos Sumbel Herold 500 com dep\u00f3sito de cola fria e quente<\/strong><\/p>\n<p>para papel, cart\u00e3o, cart\u00e3o, couro, etc.<\/p>\n<p>&#8211; Acionamento do motor 230 volts 1 fase, com comuta\u00e7\u00e3o por passos<br \/>\n&#8211; Rolos de lat\u00e3o<br \/>\n&#8211; Um lavat\u00f3rio de brilho frio e um de brilho quente, cada um com profundidade de imers\u00e3o regul\u00e1vel em altura, em lat\u00e3o<br \/>\n&#8211; Largura do rolo: 500 mm<br \/>\n&#8211; 10 Raspador<\/p>\n","protected":false},"excerpt":{"rendered":"<p>Espalhador de cola de dois rolos Sumbel Herold 500 com dep\u00f3sito de cola fria e quente para papel, cart\u00e3o, cart\u00e3o, couro, etc. &#8211; Acionamento do motor 230 volts 1 fase, com comuta\u00e7\u00e3o por passos &#8211; Rolos de lat\u00e3o &#8211; Um lavat\u00f3rio de brilho frio e um de brilho quente, cada um com profundidade de imers\u00e3o [&hellip;]<\/p>\n","protected":false},"featured_media":84007,"template":"","meta":[],"product_brand":[],"product_cat":[2892],"product_tag":[],"class_list":{"0":"post-89502","1":"product","2":"type-product","3":"status-publish","4":"has-post-thumbnail","6":"product_cat-encadernacao-de-sortido","7":"pa_hersteller-sumbel","8":"pa_typ-herold-500","10":"first","11":"instock","12":"taxable","13":"shipping-taxable","14":"product-type-simple"},"jetpack_sharing_enabled":true,"_links":{"self":[{"href":"https:\/\/www.3p-gmbh.de\/pt-br\/wp-json\/wp\/v2\/product\/89502","targetHints":{"allow":["GET"]}}],"collection":[{"href":"https:\/\/www.3p-gmbh.de\/pt-br\/wp-json\/wp\/v2\/product"}],"about":[{"href":"https:\/\/www.3p-gmbh.de\/pt-br\/wp-json\/wp\/v2\/types\/product"}],"wp:featuredmedia":[{"embeddable":true,"href":"https:\/\/www.3p-gmbh.de\/pt-br\/wp-json\/wp\/v2\/media\/84007"}],"wp:attachment":[{"href":"https:\/\/www.3p-gmbh.de\/pt-br\/wp-json\/wp\/v2\/media?parent=89502"}],"wp:term":[{"taxonomy":"product_brand","embeddable":true,"href":"https:\/\/www.3p-gmbh.de\/pt-br\/wp-json\/wp\/v2\/product_brand?post=89502"},{"taxonomy":"product_cat","embeddable":true,"href":"https:\/\/www.3p-gmbh.de\/pt-br\/wp-json\/wp\/v2\/product_cat?post=89502"},{"taxonomy":"product_tag","embeddable":true,"href":"https:\/\/www.3p-gmbh.de\/pt-br\/wp-json\/wp\/v2\/product_tag?post=89502"}],"curies":[{"name":"wp","href":"https:\/\/api.w.org\/{rel}","templated":true}]}}