{"id":89493,"date":"2022-08-02T14:21:32","date_gmt":"2022-08-02T14:21:32","guid":{"rendered":"https:\/\/www.3p-gmbh.de\/produkt\/maquina-de-corte-polar-55-em\/"},"modified":"2022-08-02T14:21:32","modified_gmt":"2022-08-02T14:21:32","slug":"maquina-de-corte-polar-55-em","status":"publish","type":"product","link":"https:\/\/www.3p-gmbh.de\/pt-br\/produkt\/maquina-de-corte-polar-55-em\/","title":{"rendered":"M\u00e1quina de corte POLAR 55 EM"},"content":{"rendered":"<p><strong>M\u00e1quina de corte POLAR 55 EM  <\/strong><br \/>\n<strong>Ano de fabrico 1987<\/strong><\/p>\n<p><strong>SN 5751401<\/strong><\/p>\n<p>Controlo do programa EM<br \/>\nAjuste da press\u00e3o de press\u00e3o<br \/>\nLargura de corte: 55 cm<br \/>\nProfundidade de inser\u00e7\u00e3o: 55cm<br \/>\nm\u00e1ximo. Altura de inser\u00e7\u00e3o: 10 cm<\/p>\n<p>Duas facas<\/p>\n","protected":false},"excerpt":{"rendered":"<p>M\u00e1quina de corte POLAR 55 EM Ano de fabrico 1987 SN 5751401 Controlo do programa EM Ajuste da press\u00e3o de press\u00e3o Largura de corte: 55 cm Profundidade de inser\u00e7\u00e3o: 55cm m\u00e1ximo. Altura de inser\u00e7\u00e3o: 10 cm Duas facas<\/p>\n","protected":false},"featured_media":83989,"template":"","meta":[],"product_brand":[],"product_cat":[3017],"product_tag":[],"class_list":{"0":"post-89493","1":"product","2":"type-product","3":"status-publish","4":"has-post-thumbnail","6":"product_cat-maquinas-de-corte","7":"pa_hersteller-polar-mohr","8":"pa_typ-polar-55-em","10":"first","11":"instock","12":"taxable","13":"shipping-taxable","14":"product-type-simple"},"jetpack_sharing_enabled":true,"_links":{"self":[{"href":"https:\/\/www.3p-gmbh.de\/pt-br\/wp-json\/wp\/v2\/product\/89493","targetHints":{"allow":["GET"]}}],"collection":[{"href":"https:\/\/www.3p-gmbh.de\/pt-br\/wp-json\/wp\/v2\/product"}],"about":[{"href":"https:\/\/www.3p-gmbh.de\/pt-br\/wp-json\/wp\/v2\/types\/product"}],"wp:featuredmedia":[{"embeddable":true,"href":"https:\/\/www.3p-gmbh.de\/pt-br\/wp-json\/wp\/v2\/media\/83989"}],"wp:attachment":[{"href":"https:\/\/www.3p-gmbh.de\/pt-br\/wp-json\/wp\/v2\/media?parent=89493"}],"wp:term":[{"taxonomy":"product_brand","embeddable":true,"href":"https:\/\/www.3p-gmbh.de\/pt-br\/wp-json\/wp\/v2\/product_brand?post=89493"},{"taxonomy":"product_cat","embeddable":true,"href":"https:\/\/www.3p-gmbh.de\/pt-br\/wp-json\/wp\/v2\/product_cat?post=89493"},{"taxonomy":"product_tag","embeddable":true,"href":"https:\/\/www.3p-gmbh.de\/pt-br\/wp-json\/wp\/v2\/product_tag?post=89493"}],"curies":[{"name":"wp","href":"https:\/\/api.w.org\/{rel}","templated":true}]}}