{"id":89491,"date":"2022-08-02T13:51:38","date_gmt":"2022-08-02T13:51:38","guid":{"rendered":"https:\/\/www.3p-gmbh.de\/produkt\/2-tes-unidade-dobravel-movel-stahlfolder-buh-66-4\/"},"modified":"2022-08-02T13:51:38","modified_gmt":"2022-08-02T13:51:38","slug":"2-tes-mobile-folding-steel-folder-buh-66-4","status":"publish","type":"product","link":"https:\/\/www.3p-gmbh.de\/pt-br\/produkt\/2-tes-mobile-folding-steel-folder-buh-66-4\/","title":{"rendered":"2.tes unidade dobr\u00e1vel m\u00f3vel Stahlfolder BUH 66-4"},"content":{"rendered":"<p><strong>2.tes unidade dobr\u00e1vel m\u00f3vel Stahlfolder BUH 66-4<\/strong><br \/>\n<strong>Ano de fabrico 2006<\/strong><\/p>\n<p>apenas 4352 horas de funcionamento \/ desempenho de dobragem<\/p>\n<ul>\n<li>Controlo MCT<\/li>\n<li>Placa de engrenagens<\/li>\n<li>A r\u00e9gua p\u00e1ra \u00e0 direita como FW 2<\/li>\n<li>4 bolsos combinados 66 cm de largura de entrada<\/li>\n<li>Rolos de dobragem regul\u00e1veis por motor em PU r\u00edgido<\/li>\n<li>bloco de corte a jusante<\/li>\n<li>Controlo do fluxo de folhas<\/li>\n<\/ul>\n","protected":false},"excerpt":{"rendered":"<p>2.tes unidade dobr\u00e1vel m\u00f3vel Stahlfolder BUH 66-4 Ano de fabrico 2006 apenas 4352 horas de funcionamento \/ desempenho de dobragem Controlo MCT Placa de engrenagens A r\u00e9gua p\u00e1ra \u00e0 direita como FW 2 4 bolsos combinados 66 cm de largura de entrada Rolos de dobragem regul\u00e1veis por motor em PU r\u00edgido bloco de corte a [&hellip;]<\/p>\n","protected":false},"featured_media":83971,"template":"","meta":[],"product_brand":[],"product_cat":[2912],"product_tag":[],"class_list":{"0":"post-89491","1":"product","2":"type-product","3":"status-publish","4":"has-post-thumbnail","6":"product_cat-unidades-de-dobragem","7":"pa_hersteller-heidelberg-stahlfolder","8":"pa_typ-buh-66-4","10":"first","11":"instock","12":"taxable","13":"shipping-taxable","14":"product-type-simple"},"jetpack_sharing_enabled":true,"_links":{"self":[{"href":"https:\/\/www.3p-gmbh.de\/pt-br\/wp-json\/wp\/v2\/product\/89491","targetHints":{"allow":["GET"]}}],"collection":[{"href":"https:\/\/www.3p-gmbh.de\/pt-br\/wp-json\/wp\/v2\/product"}],"about":[{"href":"https:\/\/www.3p-gmbh.de\/pt-br\/wp-json\/wp\/v2\/types\/product"}],"wp:featuredmedia":[{"embeddable":true,"href":"https:\/\/www.3p-gmbh.de\/pt-br\/wp-json\/wp\/v2\/media\/83971"}],"wp:attachment":[{"href":"https:\/\/www.3p-gmbh.de\/pt-br\/wp-json\/wp\/v2\/media?parent=89491"}],"wp:term":[{"taxonomy":"product_brand","embeddable":true,"href":"https:\/\/www.3p-gmbh.de\/pt-br\/wp-json\/wp\/v2\/product_brand?post=89491"},{"taxonomy":"product_cat","embeddable":true,"href":"https:\/\/www.3p-gmbh.de\/pt-br\/wp-json\/wp\/v2\/product_cat?post=89491"},{"taxonomy":"product_tag","embeddable":true,"href":"https:\/\/www.3p-gmbh.de\/pt-br\/wp-json\/wp\/v2\/product_tag?post=89491"}],"curies":[{"name":"wp","href":"https:\/\/api.w.org\/{rel}","templated":true}]}}