{"id":89473,"date":"2022-09-04T00:33:01","date_gmt":"2022-09-04T00:33:01","guid":{"rendered":"https:\/\/www.3p-gmbh.de\/produkt\/torre-de-ar-de-succao-de-8-estacoes-duplo-com-ecra-high-stack-duplo-dc-48-pcs\/"},"modified":"2022-09-04T00:33:01","modified_gmt":"2022-09-04T00:33:01","slug":"torre-de-aspiracao-de-ar-de-8-estacoes-duplo-com-ecra-de-pilha-alta-duplo-dc-48-st","status":"publish","type":"product","link":"https:\/\/www.3p-gmbh.de\/pt-br\/produkt\/torre-de-aspiracao-de-ar-de-8-estacoes-duplo-com-ecra-de-pilha-alta-duplo-dc-48-st\/","title":{"rendered":"Torre de ar de suc\u00e7\u00e3o de 8 esta\u00e7\u00f5es DUPLO com ecr\u00e3 High Stack Duplo DC 48 pcs."},"content":{"rendered":"<p><strong>8 esta\u00e7\u00f5es Torre de aspira\u00e7\u00e3o de ar DUPLO<br \/>\n<\/strong><strong>Ano de fabrico 1996<\/strong><\/p>\n<p>Bomba de press\u00e3o-v\u00e1cuo da Rietschle KTL 40 com 40 m\u00b3\/h ano de constru\u00e7\u00e3o 1996<\/p>\n<p>Duplo DC 48 St High Stack Display<\/p>\n","protected":false},"excerpt":{"rendered":"<p>8 esta\u00e7\u00f5es Torre de aspira\u00e7\u00e3o de ar DUPLO Ano de fabrico 1996 Bomba de press\u00e3o-v\u00e1cuo da Rietschle KTL 40 com 40 m\u00b3\/h ano de constru\u00e7\u00e3o 1996 Duplo DC 48 St High Stack Display<\/p>\n","protected":false},"featured_media":84184,"template":"","meta":[],"product_brand":[],"product_cat":[2892,3043],"product_tag":[],"class_list":{"0":"post-89473","1":"product","2":"type-product","3":"status-publish","4":"has-post-thumbnail","6":"product_cat-encadernacao-de-sortido","7":"product_cat-maquinas-de-recolha","8":"pa_hersteller-duplo","9":"pa_typ-dc-48-st","11":"first","12":"instock","13":"taxable","14":"shipping-taxable","15":"product-type-simple"},"jetpack_sharing_enabled":true,"_links":{"self":[{"href":"https:\/\/www.3p-gmbh.de\/pt-br\/wp-json\/wp\/v2\/product\/89473","targetHints":{"allow":["GET"]}}],"collection":[{"href":"https:\/\/www.3p-gmbh.de\/pt-br\/wp-json\/wp\/v2\/product"}],"about":[{"href":"https:\/\/www.3p-gmbh.de\/pt-br\/wp-json\/wp\/v2\/types\/product"}],"wp:featuredmedia":[{"embeddable":true,"href":"https:\/\/www.3p-gmbh.de\/pt-br\/wp-json\/wp\/v2\/media\/84184"}],"wp:attachment":[{"href":"https:\/\/www.3p-gmbh.de\/pt-br\/wp-json\/wp\/v2\/media?parent=89473"}],"wp:term":[{"taxonomy":"product_brand","embeddable":true,"href":"https:\/\/www.3p-gmbh.de\/pt-br\/wp-json\/wp\/v2\/product_brand?post=89473"},{"taxonomy":"product_cat","embeddable":true,"href":"https:\/\/www.3p-gmbh.de\/pt-br\/wp-json\/wp\/v2\/product_cat?post=89473"},{"taxonomy":"product_tag","embeddable":true,"href":"https:\/\/www.3p-gmbh.de\/pt-br\/wp-json\/wp\/v2\/product_tag?post=89473"}],"curies":[{"name":"wp","href":"https:\/\/api.w.org\/{rel}","templated":true}]}}