{"id":89456,"date":"2022-09-22T22:06:03","date_gmt":"2022-09-22T22:06:03","guid":{"rendered":"https:\/\/www.3p-gmbh.de\/produkt\/stock-remanescente-pelicula-de-laminagem-a-quente-gmp-polynex-ultrabond\/"},"modified":"2022-09-22T22:06:03","modified_gmt":"2022-09-22T22:06:03","slug":"restposten-gmp-polynex-ultrabond-hot-laminating-film","status":"publish","type":"product","link":"https:\/\/www.3p-gmbh.de\/pt-br\/produkt\/restposten-gmp-polynex-ultrabond-hot-laminating-film\/","title":{"rendered":"Stock remanescente &#8211; Pel\u00edcula de laminagem a quente GMP POLYNEX UltraBond"},"content":{"rendered":"<p><strong>Stock remanescente &#8211; Pel\u00edcula de laminagem a quente GMP POLYNEX UltraBond<\/strong><\/p>\n<p>8&#215;2 rolos GMP POLYNEX Goss UltraBond brilho 40mic, 305mmx500m<br \/>\nPel\u00edcula OPP brilhante para impress\u00f5es digitais, n\u00facleo 77mm<\/p>\n<p>A pel\u00edcula de lamina\u00e7\u00e3o a quente POLYNEX UltraBond possui um adesivo especial a quente recentemente desenvolvido, com uma ades\u00e3o particularmente boa a impress\u00f5es digitais \u00e0 base de toner, por exemplo, da Xerox (exceto os toners EA do modelo DC 240\/250\/260), Canon, Kodak, Konica-Minolta.<br \/>\nParticularmente adequado para utiliza\u00e7\u00e3o em sistemas com separa\u00e7\u00e3o autom\u00e1tica de folhas.<br \/>\nTemperatura de funcionamento: aprox. 105 \u00b0C<\/p>\n","protected":false},"excerpt":{"rendered":"<p>Stock remanescente &#8211; Pel\u00edcula de laminagem a quente GMP POLYNEX UltraBond 8&#215;2 rolos GMP POLYNEX Goss UltraBond brilho 40mic, 305mmx500m Pel\u00edcula OPP brilhante para impress\u00f5es digitais, n\u00facleo 77mm A pel\u00edcula de lamina\u00e7\u00e3o a quente POLYNEX UltraBond possui um adesivo especial a quente recentemente desenvolvido, com uma ades\u00e3o particularmente boa a impress\u00f5es digitais \u00e0 base de [&hellip;]<\/p>\n","protected":false},"featured_media":84301,"template":"","meta":[],"product_brand":[],"product_cat":[2892,3056],"product_tag":[],"class_list":{"0":"post-89456","1":"product","2":"type-product","3":"status-publish","4":"has-post-thumbnail","6":"product_cat-encadernacao-de-sortido","7":"product_cat-existencias-remanescentes","9":"first","10":"instock","11":"taxable","12":"shipping-taxable","13":"product-type-simple"},"jetpack_sharing_enabled":true,"_links":{"self":[{"href":"https:\/\/www.3p-gmbh.de\/pt-br\/wp-json\/wp\/v2\/product\/89456","targetHints":{"allow":["GET"]}}],"collection":[{"href":"https:\/\/www.3p-gmbh.de\/pt-br\/wp-json\/wp\/v2\/product"}],"about":[{"href":"https:\/\/www.3p-gmbh.de\/pt-br\/wp-json\/wp\/v2\/types\/product"}],"wp:featuredmedia":[{"embeddable":true,"href":"https:\/\/www.3p-gmbh.de\/pt-br\/wp-json\/wp\/v2\/media\/84301"}],"wp:attachment":[{"href":"https:\/\/www.3p-gmbh.de\/pt-br\/wp-json\/wp\/v2\/media?parent=89456"}],"wp:term":[{"taxonomy":"product_brand","embeddable":true,"href":"https:\/\/www.3p-gmbh.de\/pt-br\/wp-json\/wp\/v2\/product_brand?post=89456"},{"taxonomy":"product_cat","embeddable":true,"href":"https:\/\/www.3p-gmbh.de\/pt-br\/wp-json\/wp\/v2\/product_cat?post=89456"},{"taxonomy":"product_tag","embeddable":true,"href":"https:\/\/www.3p-gmbh.de\/pt-br\/wp-json\/wp\/v2\/product_tag?post=89456"}],"curies":[{"name":"wp","href":"https:\/\/api.w.org\/{rel}","templated":true}]}}