{"id":89454,"date":"2022-09-22T21:59:27","date_gmt":"2022-09-22T21:59:27","guid":{"rendered":"https:\/\/www.3p-gmbh.de\/produkt\/maquina-electrica-de-olear-de-mesa-com-uma-cabeca-picostar-101-50\/"},"modified":"2022-09-22T21:59:27","modified_gmt":"2022-09-22T21:59:27","slug":"maquina-de-mesa-electrica-de-cabeca-unica-picostar-101-50","status":"publish","type":"product","link":"https:\/\/www.3p-gmbh.de\/pt-br\/produkt\/maquina-de-mesa-electrica-de-cabeca-unica-picostar-101-50\/","title":{"rendered":"m\u00e1quina el\u00e9ctrica de olear de mesa com uma cabe\u00e7a Picostar 101-50"},"content":{"rendered":"<p><strong>m\u00e1quina el\u00e9ctrica de olear de mesa com uma cabe\u00e7a Picostar 101-50<\/strong><\/p>\n<p>Hang Picostar 101-50 .<br \/>\nDi\u00e2metro interior do ilh\u00f3 6mm<br \/>\nProfundidade de inser\u00e7\u00e3o aprox. 8 cm<\/p>\n","protected":false},"excerpt":{"rendered":"<p>m\u00e1quina el\u00e9ctrica de olear de mesa com uma cabe\u00e7a Picostar 101-50 Hang Picostar 101-50 . Di\u00e2metro interior do ilh\u00f3 6mm Profundidade de inser\u00e7\u00e3o aprox. 8 cm<\/p>\n","protected":false},"featured_media":84280,"template":"","meta":[],"product_brand":[],"product_cat":[3055],"product_tag":[],"class_list":{"0":"post-89454","1":"product","2":"type-product","3":"status-publish","4":"has-post-thumbnail","6":"product_cat-maquinas-de-lubrificacao","7":"pa_hersteller-hang","8":"pa_typ-picostar-101-50","10":"first","11":"instock","12":"taxable","13":"shipping-taxable","14":"product-type-simple"},"jetpack_sharing_enabled":true,"_links":{"self":[{"href":"https:\/\/www.3p-gmbh.de\/pt-br\/wp-json\/wp\/v2\/product\/89454","targetHints":{"allow":["GET"]}}],"collection":[{"href":"https:\/\/www.3p-gmbh.de\/pt-br\/wp-json\/wp\/v2\/product"}],"about":[{"href":"https:\/\/www.3p-gmbh.de\/pt-br\/wp-json\/wp\/v2\/types\/product"}],"wp:featuredmedia":[{"embeddable":true,"href":"https:\/\/www.3p-gmbh.de\/pt-br\/wp-json\/wp\/v2\/media\/84280"}],"wp:attachment":[{"href":"https:\/\/www.3p-gmbh.de\/pt-br\/wp-json\/wp\/v2\/media?parent=89454"}],"wp:term":[{"taxonomy":"product_brand","embeddable":true,"href":"https:\/\/www.3p-gmbh.de\/pt-br\/wp-json\/wp\/v2\/product_brand?post=89454"},{"taxonomy":"product_cat","embeddable":true,"href":"https:\/\/www.3p-gmbh.de\/pt-br\/wp-json\/wp\/v2\/product_cat?post=89454"},{"taxonomy":"product_tag","embeddable":true,"href":"https:\/\/www.3p-gmbh.de\/pt-br\/wp-json\/wp\/v2\/product_tag?post=89454"}],"curies":[{"name":"wp","href":"https:\/\/api.w.org\/{rel}","templated":true}]}}