{"id":89427,"date":"2022-12-12T22:48:00","date_gmt":"2022-12-12T22:48:00","guid":{"rendered":"https:\/\/www.3p-gmbh.de\/produkt\/para-foellmer-expo-4x4mm-pente-perfurador-passo-31-para-encadernacao-de-argolas\/"},"modified":"2022-12-12T22:48:00","modified_gmt":"2022-12-12T22:48:00","slug":"para-foellmer-expo-4x4mm-hole-perforating-comb-division-31-for-ring-books","status":"publish","type":"product","link":"https:\/\/www.3p-gmbh.de\/pt-br\/produkt\/para-foellmer-expo-4x4mm-hole-perforating-comb-division-31-for-ring-books\/","title":{"rendered":"para Foellmer Expo 4x4mm pente perfurador passo 3:1 para encaderna\u00e7\u00e3o de argolas"},"content":{"rendered":"<p>para Foellmer Expo 4x4mm pente perfurador passo 3:1 para encaderna\u00e7\u00e3o de argolas<\/p>\n","protected":false},"excerpt":{"rendered":"<p>para Foellmer Expo 4x4mm pente perfurador passo 3:1 para encaderna\u00e7\u00e3o de argolas<\/p>\n","protected":false},"featured_media":84676,"template":"","meta":[],"product_brand":[],"product_cat":[2962],"product_tag":[],"class_list":{"0":"post-89427","1":"product","2":"type-product","3":"status-publish","4":"has-post-thumbnail","6":"product_cat-maquinas-de-ranhurar-e-de-perfurar","8":"first","9":"instock","10":"taxable","11":"shipping-taxable","12":"product-type-simple"},"jetpack_sharing_enabled":true,"_links":{"self":[{"href":"https:\/\/www.3p-gmbh.de\/pt-br\/wp-json\/wp\/v2\/product\/89427","targetHints":{"allow":["GET"]}}],"collection":[{"href":"https:\/\/www.3p-gmbh.de\/pt-br\/wp-json\/wp\/v2\/product"}],"about":[{"href":"https:\/\/www.3p-gmbh.de\/pt-br\/wp-json\/wp\/v2\/types\/product"}],"wp:featuredmedia":[{"embeddable":true,"href":"https:\/\/www.3p-gmbh.de\/pt-br\/wp-json\/wp\/v2\/media\/84676"}],"wp:attachment":[{"href":"https:\/\/www.3p-gmbh.de\/pt-br\/wp-json\/wp\/v2\/media?parent=89427"}],"wp:term":[{"taxonomy":"product_brand","embeddable":true,"href":"https:\/\/www.3p-gmbh.de\/pt-br\/wp-json\/wp\/v2\/product_brand?post=89427"},{"taxonomy":"product_cat","embeddable":true,"href":"https:\/\/www.3p-gmbh.de\/pt-br\/wp-json\/wp\/v2\/product_cat?post=89427"},{"taxonomy":"product_tag","embeddable":true,"href":"https:\/\/www.3p-gmbh.de\/pt-br\/wp-json\/wp\/v2\/product_tag?post=89427"}],"curies":[{"name":"wp","href":"https:\/\/api.w.org\/{rel}","templated":true}]}}