{"id":89424,"date":"2022-12-15T23:18:40","date_gmt":"2022-12-15T23:18:40","guid":{"rendered":"https:\/\/www.3p-gmbh.de\/produkt\/conjunto-de-soldadura-e-corte-rothenberger-roflash-r\/"},"modified":"2022-12-15T23:18:40","modified_gmt":"2022-12-15T23:18:40","slug":"conjunto-de-soldadura-e-corte-rothenberger-roflash-r","status":"publish","type":"product","link":"https:\/\/www.3p-gmbh.de\/pt-br\/produkt\/conjunto-de-soldadura-e-corte-rothenberger-roflash-r\/","title":{"rendered":"Conjunto de soldadura e corte Rothenberger ROFLASH &#8211; R"},"content":{"rendered":"<p><strong>Conjunto de soldadura e corte Rothenberger ROFLASH &#8211; R<\/strong><br \/>\n<strong>22 pe\u00e7as. na caixa &#8211; como novo<\/strong><br \/>\nN\u00famero do artigo: RB-513300<br \/>\nVANTAGENS DA APLICA\u00c7\u00c3O:<br \/>\nConjunto de soldadura e corte<br \/>\nGama de soldadura: 0,5 &#8211; 14 mm, gama de corte: 3 &#8211; 75 mm<\/p>\n<p>\u00c2MBITO DA ENTREGA:<br \/>\nO conjunto de 22 pe\u00e7as inclui:<\/p>\n<p>Pega (n.\u00ba 513010)<br \/>\nPastilhas de soldadura 0,2 &#8211; 0,5 (N.\u00ba 513030)<br \/>\n0,5 &#8211; 1 (N.\u00ba 513031), 1 &#8211; 2 (N.\u00ba 513032), 2 &#8211; 4 (N.\u00ba 513033), 4 &#8211; 6 (N.\u00ba 513034), 6 &#8211; 9 (N.\u00ba 513035), 9 &#8211; 14 (N.\u00ba 513036) Alavanca de mola de corte (N.\u00ba 513310)<br \/>\nBicos de corte 3 &#8211; 6 (N.\u00ba 513330), 6 &#8211; 20 (N.\u00ba 513331), 20 &#8211; 75 (N.\u00ba 513332)<br \/>\nCarro de guia da tocha de corte<br \/>\nChave do queimador (n.\u00ba 510106)<br \/>\nIsqueiro a g\u00e1s<br \/>\n\u00d3culos de prote\u00e7\u00e3o (n.\u00ba 540621)<br \/>\nConjunto de limpeza de bicos 10 pcs. (N.\u00ba 510105)<\/p>\n","protected":false},"excerpt":{"rendered":"<p>Conjunto de soldadura e corte Rothenberger ROFLASH &#8211; R 22 pe\u00e7as. na caixa &#8211; como novo N\u00famero do artigo: RB-513300 VANTAGENS DA APLICA\u00c7\u00c3O: Conjunto de soldadura e corte Gama de soldadura: 0,5 &#8211; 14 mm, gama de corte: 3 &#8211; 75 mm \u00c2MBITO DA ENTREGA: O conjunto de 22 pe\u00e7as inclui: Pega (n.\u00ba 513010) Pastilhas [&hellip;]<\/p>\n","protected":false},"featured_media":84730,"template":"","meta":[],"product_brand":[],"product_cat":[2877],"product_tag":[],"class_list":{"0":"post-89424","1":"product","2":"type-product","3":"status-publish","4":"has-post-thumbnail","6":"product_cat-equipamento-de-oficina","7":"pa_hersteller-rothenberger","8":"pa_typ-roflash-r","10":"first","11":"instock","12":"taxable","13":"shipping-taxable","14":"product-type-simple"},"jetpack_sharing_enabled":true,"_links":{"self":[{"href":"https:\/\/www.3p-gmbh.de\/pt-br\/wp-json\/wp\/v2\/product\/89424","targetHints":{"allow":["GET"]}}],"collection":[{"href":"https:\/\/www.3p-gmbh.de\/pt-br\/wp-json\/wp\/v2\/product"}],"about":[{"href":"https:\/\/www.3p-gmbh.de\/pt-br\/wp-json\/wp\/v2\/types\/product"}],"wp:featuredmedia":[{"embeddable":true,"href":"https:\/\/www.3p-gmbh.de\/pt-br\/wp-json\/wp\/v2\/media\/84730"}],"wp:attachment":[{"href":"https:\/\/www.3p-gmbh.de\/pt-br\/wp-json\/wp\/v2\/media?parent=89424"}],"wp:term":[{"taxonomy":"product_brand","embeddable":true,"href":"https:\/\/www.3p-gmbh.de\/pt-br\/wp-json\/wp\/v2\/product_brand?post=89424"},{"taxonomy":"product_cat","embeddable":true,"href":"https:\/\/www.3p-gmbh.de\/pt-br\/wp-json\/wp\/v2\/product_cat?post=89424"},{"taxonomy":"product_tag","embeddable":true,"href":"https:\/\/www.3p-gmbh.de\/pt-br\/wp-json\/wp\/v2\/product_tag?post=89424"}],"curies":[{"name":"wp","href":"https:\/\/api.w.org\/{rel}","templated":true}]}}