{"id":89420,"date":"2022-12-12T23:00:15","date_gmt":"2022-12-12T23:00:15","guid":{"rendered":"https:\/\/www.3p-gmbh.de\/produkt\/para-puncao-de-calendario-renz-super-700-4mm-furo-redondo-passo-3to1-com-furo-para-polegar\/"},"modified":"2022-12-12T23:00:15","modified_gmt":"2022-12-12T23:00:15","slug":"para-calendario-perfurador-super-700-4mm-redondo-furo-ponto-3a1-com-polegar","status":"publish","type":"product","link":"https:\/\/www.3p-gmbh.de\/pt-br\/produkt\/para-calendario-perfurador-super-700-4mm-redondo-furo-ponto-3a1-com-polegar\/","title":{"rendered":"para pun\u00e7\u00e3o de calend\u00e1rio Renz Super 700 4mm furo redondo passo 3to1 com furo para polegar"},"content":{"rendered":"<p>para pun\u00e7\u00e3o de calend\u00e1rio Renz Super 700 4mm furo redondo passo 3to1 com furo para polegar<\/p>\n","protected":false},"excerpt":{"rendered":"<p>para pun\u00e7\u00e3o de calend\u00e1rio Renz Super 700 4mm furo redondo passo 3to1 com furo para polegar<\/p>\n","protected":false},"featured_media":84709,"template":"","meta":[],"product_brand":[],"product_cat":[3043,2906],"product_tag":[],"class_list":{"0":"post-89420","1":"product","2":"type-product","3":"status-publish","4":"has-post-thumbnail","6":"product_cat-maquinas-de-recolha","7":"product_cat-perfuracao","8":"pa_hersteller-renz","10":"first","11":"instock","12":"taxable","13":"shipping-taxable","14":"product-type-simple"},"jetpack_sharing_enabled":true,"_links":{"self":[{"href":"https:\/\/www.3p-gmbh.de\/pt-br\/wp-json\/wp\/v2\/product\/89420","targetHints":{"allow":["GET"]}}],"collection":[{"href":"https:\/\/www.3p-gmbh.de\/pt-br\/wp-json\/wp\/v2\/product"}],"about":[{"href":"https:\/\/www.3p-gmbh.de\/pt-br\/wp-json\/wp\/v2\/types\/product"}],"wp:featuredmedia":[{"embeddable":true,"href":"https:\/\/www.3p-gmbh.de\/pt-br\/wp-json\/wp\/v2\/media\/84709"}],"wp:attachment":[{"href":"https:\/\/www.3p-gmbh.de\/pt-br\/wp-json\/wp\/v2\/media?parent=89420"}],"wp:term":[{"taxonomy":"product_brand","embeddable":true,"href":"https:\/\/www.3p-gmbh.de\/pt-br\/wp-json\/wp\/v2\/product_brand?post=89420"},{"taxonomy":"product_cat","embeddable":true,"href":"https:\/\/www.3p-gmbh.de\/pt-br\/wp-json\/wp\/v2\/product_cat?post=89420"},{"taxonomy":"product_tag","embeddable":true,"href":"https:\/\/www.3p-gmbh.de\/pt-br\/wp-json\/wp\/v2\/product_tag?post=89420"}],"curies":[{"name":"wp","href":"https:\/\/api.w.org\/{rel}","templated":true}]}}