{"id":89414,"date":"2022-09-30T21:30:04","date_gmt":"2022-09-30T21:30:04","guid":{"rendered":"https:\/\/www.3p-gmbh.de\/produkt\/logistica-de-encomendas-tratamento-de-correio-vacuo-elevador-de-tubos-schmalz-jumbo-50\/"},"modified":"2022-09-30T21:30:04","modified_gmt":"2022-09-30T21:30:04","slug":"transportadora-de-encomendas-manuseamento-de-salas-vacuo-tubo-elevador-estreito-jumbo-50","status":"publish","type":"product","link":"https:\/\/www.3p-gmbh.de\/pt-br\/produkt\/transportadora-de-encomendas-manuseamento-de-salas-vacuo-tubo-elevador-estreito-jumbo-50\/","title":{"rendered":"Log\u00edstica de encomendas &#8211; Tratamento de correio &#8211; V\u00e1cuo &#8211; Elevador de tubos Schmalz Jumbo 50"},"content":{"rendered":"<p><strong>Parcel Logistics Mailroom Handling V\u00e1cuo &#8211; Levantador de tubos Schmalz Jumbo 50<\/strong><\/p>\n<p>com<br \/>\nBra\u00e7o girat\u00f3rio para montagem na parede Capacidade de carga 80 kg,<br \/>\nLan\u00e7a aprox. 3,5 m<br \/>\nCaixa de isolamento ac\u00fastico para bomba de v\u00e1cuo com estrutura de montagem na parede<br \/>\n2 placas de suc\u00e7\u00e3o diferentes<\/p>\n","protected":false},"excerpt":{"rendered":"<p>Parcel Logistics Mailroom Handling V\u00e1cuo &#8211; Levantador de tubos Schmalz Jumbo 50 com Bra\u00e7o girat\u00f3rio para montagem na parede Capacidade de carga 80 kg, Lan\u00e7a aprox. 3,5 m Caixa de isolamento ac\u00fastico para bomba de v\u00e1cuo com estrutura de montagem na parede 2 placas de suc\u00e7\u00e3o diferentes<\/p>\n","protected":false},"featured_media":84337,"template":"","meta":[],"product_brand":[],"product_cat":[2942,3041],"product_tag":[],"class_list":{"0":"post-89414","1":"product","2":"type-product","3":"status-publish","4":"has-post-thumbnail","6":"product_cat-outras-maquinas-e-equipamentos","7":"product_cat-tecnologia-de-transporte","8":"pa_hersteller-schmalz","9":"pa_typ-jumbo-50","11":"first","12":"instock","13":"taxable","14":"shipping-taxable","15":"product-type-simple"},"jetpack_sharing_enabled":true,"_links":{"self":[{"href":"https:\/\/www.3p-gmbh.de\/pt-br\/wp-json\/wp\/v2\/product\/89414","targetHints":{"allow":["GET"]}}],"collection":[{"href":"https:\/\/www.3p-gmbh.de\/pt-br\/wp-json\/wp\/v2\/product"}],"about":[{"href":"https:\/\/www.3p-gmbh.de\/pt-br\/wp-json\/wp\/v2\/types\/product"}],"wp:featuredmedia":[{"embeddable":true,"href":"https:\/\/www.3p-gmbh.de\/pt-br\/wp-json\/wp\/v2\/media\/84337"}],"wp:attachment":[{"href":"https:\/\/www.3p-gmbh.de\/pt-br\/wp-json\/wp\/v2\/media?parent=89414"}],"wp:term":[{"taxonomy":"product_brand","embeddable":true,"href":"https:\/\/www.3p-gmbh.de\/pt-br\/wp-json\/wp\/v2\/product_brand?post=89414"},{"taxonomy":"product_cat","embeddable":true,"href":"https:\/\/www.3p-gmbh.de\/pt-br\/wp-json\/wp\/v2\/product_cat?post=89414"},{"taxonomy":"product_tag","embeddable":true,"href":"https:\/\/www.3p-gmbh.de\/pt-br\/wp-json\/wp\/v2\/product_tag?post=89414"}],"curies":[{"name":"wp","href":"https:\/\/api.w.org\/{rel}","templated":true}]}}