{"id":89401,"date":"2022-09-30T21:52:43","date_gmt":"2022-09-30T21:52:43","guid":{"rendered":"https:\/\/www.3p-gmbh.de\/produkt\/embaladora-em-serie-kallfass-universa-ec-com-tunel-de-retracao-compact-650-sec\/"},"modified":"2022-09-30T21:52:43","modified_gmt":"2022-09-30T21:52:43","slug":"maquina-de-embalagem-retratil-serie-packer-call-barrel-universa-ec-com-tunel-de-encolhimento-compacto-650-sec","status":"publish","type":"product","link":"https:\/\/www.3p-gmbh.de\/pt-br\/produkt\/maquina-de-embalagem-retratil-serie-packer-call-barrel-universa-ec-com-tunel-de-encolhimento-compacto-650-sec\/","title":{"rendered":"Embaladora em s\u00e9rie Kallfass Universa EC com t\u00fanel de retra\u00e7\u00e3o Compact 650 SEC"},"content":{"rendered":"<div><strong>Embaladora em s\u00e9rie Kallfass Universa EC com t\u00fanel de retra\u00e7\u00e3o Compact 650 SEC<\/strong><\/div>\n<div><strong>do ano. 2008<\/strong><\/div>\n<div>47.000 horas de funcionamento at\u00e9 \u00e0 data<\/div>\n","protected":false},"excerpt":{"rendered":"<p>Embaladora em s\u00e9rie Kallfass Universa EC com t\u00fanel de retra\u00e7\u00e3o Compact 650 SEC do ano. 2008 47.000 horas de funcionamento at\u00e9 \u00e0 data<\/p>\n","protected":false},"featured_media":84583,"template":"","meta":[],"product_brand":[],"product_cat":[3026],"product_tag":[],"class_list":{"0":"post-89401","1":"product","2":"type-product","3":"status-publish","4":"has-post-thumbnail","6":"product_cat-embalagem-de-pelicula-e-embaladora-extensivel","7":"pa_hersteller-kallfass","8":"pa_typ-compact-650-sec","9":"pa_typ-universa-ec","11":"first","12":"instock","13":"taxable","14":"shipping-taxable","15":"product-type-simple"},"jetpack_sharing_enabled":true,"_links":{"self":[{"href":"https:\/\/www.3p-gmbh.de\/pt-br\/wp-json\/wp\/v2\/product\/89401","targetHints":{"allow":["GET"]}}],"collection":[{"href":"https:\/\/www.3p-gmbh.de\/pt-br\/wp-json\/wp\/v2\/product"}],"about":[{"href":"https:\/\/www.3p-gmbh.de\/pt-br\/wp-json\/wp\/v2\/types\/product"}],"wp:featuredmedia":[{"embeddable":true,"href":"https:\/\/www.3p-gmbh.de\/pt-br\/wp-json\/wp\/v2\/media\/84583"}],"wp:attachment":[{"href":"https:\/\/www.3p-gmbh.de\/pt-br\/wp-json\/wp\/v2\/media?parent=89401"}],"wp:term":[{"taxonomy":"product_brand","embeddable":true,"href":"https:\/\/www.3p-gmbh.de\/pt-br\/wp-json\/wp\/v2\/product_brand?post=89401"},{"taxonomy":"product_cat","embeddable":true,"href":"https:\/\/www.3p-gmbh.de\/pt-br\/wp-json\/wp\/v2\/product_cat?post=89401"},{"taxonomy":"product_tag","embeddable":true,"href":"https:\/\/www.3p-gmbh.de\/pt-br\/wp-json\/wp\/v2\/product_tag?post=89401"}],"curies":[{"name":"wp","href":"https:\/\/api.w.org\/{rel}","templated":true}]}}