{"id":89395,"date":"2022-11-14T23:18:57","date_gmt":"2022-11-14T23:18:57","guid":{"rendered":"https:\/\/www.3p-gmbh.de\/produkt\/smipack-fp-560-a-soldadora-angular-semi-automatica-com-tunel-de-retracao-de-camara-unica-smipack-t-450\/"},"modified":"2022-11-14T23:18:57","modified_gmt":"2022-11-14T23:18:57","slug":"soldadora-semi-automatica-de-angulo-smipack-fp-560-a-com-tunel-de-retracao-de-camara-unica-smipack-t-450","status":"publish","type":"product","link":"https:\/\/www.3p-gmbh.de\/pt-br\/produkt\/soldadora-semi-automatica-de-angulo-smipack-fp-560-a-com-tunel-de-retracao-de-camara-unica-smipack-t-450\/","title":{"rendered":"Smipack FP 560 A soldadora angular semi-autom\u00e1tica com t\u00fanel de retra\u00e7\u00e3o de c\u00e2mara \u00fanica Smipack T 450"},"content":{"rendered":"<p><strong>Soldadora angular semi-autom\u00e1tica Smipack FP 560 A com t\u00fanel de retra\u00e7\u00e3o de c\u00e2mara \u00fanica T 450<\/strong><br \/>\n<strong>a partir de 2012<\/strong><\/p>\n<p>Soldadora angular semi-autom\u00e1tica com sistema de arrefecimento permanente, adequada para uma vasta gama de produtos.<br \/>\nGra\u00e7as ao sistema de arrefecimento integrado, a FP 560 A obt\u00e9m cord\u00f5es de soldadura consistentemente bons e \u00e9, por isso, ideal para grandes quantidades de produ\u00e7\u00e3o.<br \/>\nUm dispositivo de rebobinagem autom\u00e1tica para os restos de pel\u00edcula e um contador el\u00e9trico de quantidades est\u00e3o integrados.<\/p>\n<p>\u00c9 poss\u00edvel memorizar 10 programas diferentes atrav\u00e9s do painel de controlo.<br \/>\nA estrutura de soldadura \u00e9 fechada automaticamente atrav\u00e9s de um controlo de rel\u00e9 temporizado ou manualmente atrav\u00e9s de um interrutor de p\u00e9 (opcional) e premindo um bot\u00e3o.<\/p>\n<p>O tapete motorizado na descarga transporta o produto embalado por retra\u00e7\u00e3o para o t\u00fanel de retra\u00e7\u00e3o a jusante<\/p>\n<p>-Produ\u00e7\u00e3o m\u00e9dia hor\u00e1ria: at\u00e9 1500 pe\u00e7as<br \/>\n-Dobinador de filme restante inclu\u00eddo<br \/>\n&#8211; Tamanho da estrutura de soldadura: 560 x 430 mm (LxP)<br \/>\n&#8211; m\u00e1ximo. Altura do produto: 230 mm<br \/>\n&#8211; m\u00e1ximo. Largura da pel\u00edcula: 600 mm<br \/>\n&#8211; Podem ser guardados at\u00e9 10 programas diferentes<br \/>\n&#8211; em RAL 7035 (cinzento)<br \/>\n&#8211; 230 V \/ 50 Hz \/ 1 fase<br \/>\n&#8211; m\u00e1ximo. Pot\u00eancia: 2,5 kW<br \/>\n&#8211; Dimens\u00f5es: 2.010 x 790 x 1.050 mm (CxLxA)<\/p>\n<p><strong>T\u00fanel de retra\u00e7\u00e3o de c\u00e2mara \u00fanica Smipack T 450<\/strong><\/p>\n<p>ideal para grandes volumes de produ\u00e7\u00e3o.<br \/>\nO Tunnel T 450 pode igualmente memorizar at\u00e9 10 programas que podem ser chamados em qualquer altura.<br \/>\nO tapete transportador do t\u00fanel \u00e9 constitu\u00eddo por rolos rotativos revestidos de silicone.<br \/>\nO t\u00fanel est\u00e1 equipado com um fecho autom\u00e1tico e tanto a velocidade de transporte como a temperatura de contra\u00e7\u00e3o podem ser reguladas.<\/p>\n<p>-Velocidade de transporte ajust\u00e1vel (2,8 &#8211; 18,8 m\/min)<br \/>\n&#8211; m\u00e1ximo. Altura do produto: 230 mm<br \/>\n&#8211; Tapete transportador com hastes revestidas a silicone (rotativo \/ n\u00e3o rotativo ajust\u00e1vel)<br \/>\n&#8211; Deflectores de ar ajust\u00e1veis<br \/>\n&#8211; Podem ser guardados at\u00e9 10 programas diferentes<br \/>\n&#8211; Temperatura de retra\u00e7\u00e3o ajust\u00e1vel<br \/>\n&#8211; Tens\u00e3o de alimenta\u00e7\u00e3o: 380-415 V 3 PH-N-PE, 50\/60 HZ<br \/>\n&#8211; m\u00e1ximo. Pot\u00eancia: 8,0 kW<br \/>\n&#8211; Dimens\u00f5es: 1.370 x 835 x 1.440 mm (CxLxA)<\/p>\n","protected":false},"excerpt":{"rendered":"<p>Soldadora angular semi-autom\u00e1tica Smipack FP 560 A com t\u00fanel de retra\u00e7\u00e3o de c\u00e2mara \u00fanica T 450 a partir de 2012 Soldadora angular semi-autom\u00e1tica com sistema de arrefecimento permanente, adequada para uma vasta gama de produtos. Gra\u00e7as ao sistema de arrefecimento integrado, a FP 560 A obt\u00e9m cord\u00f5es de soldadura consistentemente bons e \u00e9, por isso, [&hellip;]<\/p>\n","protected":false},"featured_media":84460,"template":"","meta":[],"product_brand":[],"product_cat":[3026],"product_tag":[],"class_list":{"0":"post-89395","1":"product","2":"type-product","3":"status-publish","4":"has-post-thumbnail","6":"product_cat-embalagem-de-pelicula-e-embaladora-extensivel","7":"pa_hersteller-smipack","8":"pa_typ-fp-560-a","9":"pa_typ-t-450","11":"first","12":"instock","13":"taxable","14":"shipping-taxable","15":"product-type-simple"},"jetpack_sharing_enabled":true,"_links":{"self":[{"href":"https:\/\/www.3p-gmbh.de\/pt-br\/wp-json\/wp\/v2\/product\/89395","targetHints":{"allow":["GET"]}}],"collection":[{"href":"https:\/\/www.3p-gmbh.de\/pt-br\/wp-json\/wp\/v2\/product"}],"about":[{"href":"https:\/\/www.3p-gmbh.de\/pt-br\/wp-json\/wp\/v2\/types\/product"}],"wp:featuredmedia":[{"embeddable":true,"href":"https:\/\/www.3p-gmbh.de\/pt-br\/wp-json\/wp\/v2\/media\/84460"}],"wp:attachment":[{"href":"https:\/\/www.3p-gmbh.de\/pt-br\/wp-json\/wp\/v2\/media?parent=89395"}],"wp:term":[{"taxonomy":"product_brand","embeddable":true,"href":"https:\/\/www.3p-gmbh.de\/pt-br\/wp-json\/wp\/v2\/product_brand?post=89395"},{"taxonomy":"product_cat","embeddable":true,"href":"https:\/\/www.3p-gmbh.de\/pt-br\/wp-json\/wp\/v2\/product_cat?post=89395"},{"taxonomy":"product_tag","embeddable":true,"href":"https:\/\/www.3p-gmbh.de\/pt-br\/wp-json\/wp\/v2\/product_tag?post=89395"}],"curies":[{"name":"wp","href":"https:\/\/api.w.org\/{rel}","templated":true}]}}