{"id":89388,"date":"2022-11-14T23:29:45","date_gmt":"2022-11-14T23:29:45","guid":{"rendered":"https:\/\/www.3p-gmbh.de\/produkt\/placa-de-perfuracao-para-cilindro-original-heidelberg-ohz\/"},"modified":"2022-11-14T23:29:45","modified_gmt":"2022-11-14T23:29:45","slug":"placa-de-perfuracao-para-o-cilindro-ohz-original-da-heidelberg","status":"publish","type":"product","link":"https:\/\/www.3p-gmbh.de\/pt-br\/produkt\/placa-de-perfuracao-para-o-cilindro-ohz-original-da-heidelberg\/","title":{"rendered":"Placa de perfura\u00e7\u00e3o para cilindro original Heidelberg OHZ"},"content":{"rendered":"<p><strong>Placa de perfura\u00e7\u00e3o para cilindro original Heidelberg OHZ<\/strong><\/p>\n","protected":false},"excerpt":{"rendered":"<p>Placa de perfura\u00e7\u00e3o para cilindro original Heidelberg OHZ<\/p>\n","protected":false},"featured_media":89390,"template":"","meta":[],"product_brand":[],"product_cat":[15],"product_tag":[],"class_list":{"0":"post-89388","1":"product","2":"type-product","3":"status-publish","4":"has-post-thumbnail","6":"product_cat-unkategorisiert","8":"first","9":"instock","10":"taxable","11":"shipping-taxable","12":"product-type-simple"},"jetpack_sharing_enabled":true,"_links":{"self":[{"href":"https:\/\/www.3p-gmbh.de\/pt-br\/wp-json\/wp\/v2\/product\/89388","targetHints":{"allow":["GET"]}}],"collection":[{"href":"https:\/\/www.3p-gmbh.de\/pt-br\/wp-json\/wp\/v2\/product"}],"about":[{"href":"https:\/\/www.3p-gmbh.de\/pt-br\/wp-json\/wp\/v2\/types\/product"}],"wp:featuredmedia":[{"embeddable":true,"href":"https:\/\/www.3p-gmbh.de\/pt-br\/wp-json\/wp\/v2\/media\/89390"}],"wp:attachment":[{"href":"https:\/\/www.3p-gmbh.de\/pt-br\/wp-json\/wp\/v2\/media?parent=89388"}],"wp:term":[{"taxonomy":"product_brand","embeddable":true,"href":"https:\/\/www.3p-gmbh.de\/pt-br\/wp-json\/wp\/v2\/product_brand?post=89388"},{"taxonomy":"product_cat","embeddable":true,"href":"https:\/\/www.3p-gmbh.de\/pt-br\/wp-json\/wp\/v2\/product_cat?post=89388"},{"taxonomy":"product_tag","embeddable":true,"href":"https:\/\/www.3p-gmbh.de\/pt-br\/wp-json\/wp\/v2\/product_tag?post=89388"}],"curies":[{"name":"wp","href":"https:\/\/api.w.org\/{rel}","templated":true}]}}