{"id":89369,"date":"2022-12-12T22:42:47","date_gmt":"2022-12-12T22:42:47","guid":{"rendered":"https:\/\/www.3p-gmbh.de\/produkt\/placa-de-aquecimento-leve-com-base-em-favo-de-mel-de-220-volts-para-heidelberg-oht-modelo-gtp\/"},"modified":"2022-12-12T22:42:47","modified_gmt":"2022-12-12T22:42:47","slug":"light-220-volt-honeycomb-foundation-heating-panel-for-heidelberg-oht-model-gtp","status":"publish","type":"product","link":"https:\/\/www.3p-gmbh.de\/pt-br\/produkt\/light-220-volt-honeycomb-foundation-heating-panel-for-heidelberg-oht-model-gtp\/","title":{"rendered":"Placa de aquecimento leve com base em favo de mel de 220 volts para Heidelberg OHT modelo GTP"},"content":{"rendered":"<p><strong>Leve, 13&#215;18&#8243; plano monof\u00e1sico 220-240 volts<\/strong><br \/>\n<strong>Placa de aquecimento com estrutura em favo de mel, adequada para clich\u00e9s padr\u00e3o da UE com uma altura de 7 mm<\/strong><\/p>\n<p>que se encaixa diretamente na m\u00e1quina Heidelberg GTP, tal como a sua chapa existente<br \/>\nver as imagens em anexo.<\/p>\n","protected":false},"excerpt":{"rendered":"<p>Leve, 13&#215;18&#8243; plano monof\u00e1sico 220-240 volts Placa de aquecimento com estrutura em favo de mel, adequada para clich\u00e9s padr\u00e3o da UE com uma altura de 7 mm que se encaixa diretamente na m\u00e1quina Heidelberg GTP, tal como a sua chapa existente ver as imagens em anexo.<\/p>\n","protected":false},"featured_media":84661,"template":"","meta":[],"product_brand":[],"product_cat":[2898],"product_tag":[],"class_list":{"0":"post-89369","1":"product","2":"type-product","3":"status-publish","4":"has-post-thumbnail","6":"product_cat-acessorios-e-pecas-sobressalentes-para-prensas","8":"first","9":"instock","10":"taxable","11":"shipping-taxable","12":"product-type-simple"},"jetpack_sharing_enabled":true,"_links":{"self":[{"href":"https:\/\/www.3p-gmbh.de\/pt-br\/wp-json\/wp\/v2\/product\/89369","targetHints":{"allow":["GET"]}}],"collection":[{"href":"https:\/\/www.3p-gmbh.de\/pt-br\/wp-json\/wp\/v2\/product"}],"about":[{"href":"https:\/\/www.3p-gmbh.de\/pt-br\/wp-json\/wp\/v2\/types\/product"}],"wp:featuredmedia":[{"embeddable":true,"href":"https:\/\/www.3p-gmbh.de\/pt-br\/wp-json\/wp\/v2\/media\/84661"}],"wp:attachment":[{"href":"https:\/\/www.3p-gmbh.de\/pt-br\/wp-json\/wp\/v2\/media?parent=89369"}],"wp:term":[{"taxonomy":"product_brand","embeddable":true,"href":"https:\/\/www.3p-gmbh.de\/pt-br\/wp-json\/wp\/v2\/product_brand?post=89369"},{"taxonomy":"product_cat","embeddable":true,"href":"https:\/\/www.3p-gmbh.de\/pt-br\/wp-json\/wp\/v2\/product_cat?post=89369"},{"taxonomy":"product_tag","embeddable":true,"href":"https:\/\/www.3p-gmbh.de\/pt-br\/wp-json\/wp\/v2\/product_tag?post=89369"}],"curies":[{"name":"wp","href":"https:\/\/api.w.org\/{rel}","templated":true}]}}