{"id":89357,"date":"2022-12-20T23:57:50","date_gmt":"2022-12-20T23:57:50","guid":{"rendered":"https:\/\/www.3p-gmbh.de\/produkt\/canto-redondo-faca-de-perfuracao-de-7-e-5-mm-acabada-de-moer\/"},"modified":"2023-08-22T20:24:46","modified_gmt":"2023-08-22T20:24:46","slug":"faca-de-perfuracao-de-canto-redonda-de-7-e-5-mm-moida-de-fresco","status":"publish","type":"product","link":"https:\/\/www.3p-gmbh.de\/pt-br\/produkt\/faca-de-perfuracao-de-canto-redonda-de-7-e-5-mm-moida-de-fresco\/","title":{"rendered":"Canto redondo &#8211; faca de perfura\u00e7\u00e3o de 7 e 5 mm acabada de moer"},"content":{"rendered":"<p><strong>Canto redondo &#8211; faca de perfura\u00e7\u00e3o de 7 e 5 mm acabada de moer<\/strong><\/p>\n","protected":false},"excerpt":{"rendered":"<p>Canto redondo &#8211; faca de perfura\u00e7\u00e3o de 7 e 5 mm acabada de moer<\/p>\n","protected":false},"featured_media":84784,"template":"","meta":[],"product_brand":[],"product_cat":[2877],"product_tag":[],"class_list":{"0":"post-89357","1":"product","2":"type-product","3":"status-publish","4":"has-post-thumbnail","6":"product_cat-equipamento-de-oficina","8":"first","9":"instock","10":"taxable","11":"shipping-taxable","12":"product-type-simple"},"jetpack_sharing_enabled":true,"_links":{"self":[{"href":"https:\/\/www.3p-gmbh.de\/pt-br\/wp-json\/wp\/v2\/product\/89357","targetHints":{"allow":["GET"]}}],"collection":[{"href":"https:\/\/www.3p-gmbh.de\/pt-br\/wp-json\/wp\/v2\/product"}],"about":[{"href":"https:\/\/www.3p-gmbh.de\/pt-br\/wp-json\/wp\/v2\/types\/product"}],"wp:featuredmedia":[{"embeddable":true,"href":"https:\/\/www.3p-gmbh.de\/pt-br\/wp-json\/wp\/v2\/media\/84784"}],"wp:attachment":[{"href":"https:\/\/www.3p-gmbh.de\/pt-br\/wp-json\/wp\/v2\/media?parent=89357"}],"wp:term":[{"taxonomy":"product_brand","embeddable":true,"href":"https:\/\/www.3p-gmbh.de\/pt-br\/wp-json\/wp\/v2\/product_brand?post=89357"},{"taxonomy":"product_cat","embeddable":true,"href":"https:\/\/www.3p-gmbh.de\/pt-br\/wp-json\/wp\/v2\/product_cat?post=89357"},{"taxonomy":"product_tag","embeddable":true,"href":"https:\/\/www.3p-gmbh.de\/pt-br\/wp-json\/wp\/v2\/product_tag?post=89357"}],"curies":[{"name":"wp","href":"https:\/\/api.w.org\/{rel}","templated":true}]}}