{"id":89340,"date":"2023-01-04T23:13:13","date_gmt":"2023-01-04T23:13:13","guid":{"rendered":"https:\/\/www.3p-gmbh.de\/produkt\/maquina-de-soldar-angular-compacta-com-tunel-de-retracao-kallfass-kc-5040-450-universal\/"},"modified":"2023-01-04T23:13:13","modified_gmt":"2023-01-04T23:13:13","slug":"maquina-de-soldar-em-angulo-compacta-com-tunel-de-encolhimento-meio-cano-kc-5040-450-universal","status":"publish","type":"product","link":"https:\/\/www.3p-gmbh.de\/pt-br\/produkt\/maquina-de-soldar-em-angulo-compacta-com-tunel-de-encolhimento-meio-cano-kc-5040-450-universal\/","title":{"rendered":"M\u00e1quina de soldar angular compacta com t\u00fanel de retra\u00e7\u00e3o Kallfass KC 5040-450 Universal"},"content":{"rendered":"<p><strong>M\u00e1quina de soldar angular compacta com t\u00fanel de retra\u00e7\u00e3o Kallfass KC 5040-450 Universal<\/strong><br \/>\n<strong>Ano de fabrico 2006<\/strong><\/p>\n<p>Criado para uma utiliza\u00e7\u00e3o industrial exigente com um t\u00fanel de retra\u00e7\u00e3o potente combinado.<br \/>\nAs qualidades desta s\u00e9rie s\u00e3o particularmente evidentes em opera\u00e7\u00f5es cont\u00ednuas dif\u00edceis: produtos embalados, tais como produtos impressos,<br \/>\nOs produtos de vidro em recipientes podem ser embalados de forma r\u00e1pida, econ\u00f3mica e com elevada qualidade.<br \/>\nA tecnologia comprovada de soldadura por impulso com fio de corte teflonado garante um funcionamento eficaz e absolutamente isento de odores.<\/p>\n<p>Tipo de embalagem: embalagem manual em pel\u00edcula<br \/>\nCapacidade de embalagem: at\u00e9 20 ciclos\/min.<br \/>\nGama de formatos: Dimens\u00f5es da estrutura de soldadura 500 x 400 mm<\/p>\n<p>Equipamento especial<br \/>\nM\u00e1quina sobre rodas<br \/>\nSoprador para abertura da folha<br \/>\nControlo de velocidade infinitamente vari\u00e1vel<\/p>\n","protected":false},"excerpt":{"rendered":"<p>M\u00e1quina de soldar angular compacta com t\u00fanel de retra\u00e7\u00e3o Kallfass KC 5040-450 Universal Ano de fabrico 2006 Criado para uma utiliza\u00e7\u00e3o industrial exigente com um t\u00fanel de retra\u00e7\u00e3o potente combinado. As qualidades desta s\u00e9rie s\u00e3o particularmente evidentes em opera\u00e7\u00f5es cont\u00ednuas dif\u00edceis: produtos embalados, tais como produtos impressos, Os produtos de vidro em recipientes podem ser [&hellip;]<\/p>\n","protected":false},"featured_media":85057,"template":"","meta":[],"product_brand":[],"product_cat":[3026],"product_tag":[],"class_list":{"0":"post-89340","1":"product","2":"type-product","3":"status-publish","4":"has-post-thumbnail","6":"product_cat-embalagem-de-pelicula-e-embaladora-extensivel","7":"pa_hersteller-kallfass","8":"pa_typ-kc-5040-450-universal","10":"first","11":"instock","12":"taxable","13":"shipping-taxable","14":"product-type-simple"},"jetpack_sharing_enabled":true,"_links":{"self":[{"href":"https:\/\/www.3p-gmbh.de\/pt-br\/wp-json\/wp\/v2\/product\/89340","targetHints":{"allow":["GET"]}}],"collection":[{"href":"https:\/\/www.3p-gmbh.de\/pt-br\/wp-json\/wp\/v2\/product"}],"about":[{"href":"https:\/\/www.3p-gmbh.de\/pt-br\/wp-json\/wp\/v2\/types\/product"}],"wp:featuredmedia":[{"embeddable":true,"href":"https:\/\/www.3p-gmbh.de\/pt-br\/wp-json\/wp\/v2\/media\/85057"}],"wp:attachment":[{"href":"https:\/\/www.3p-gmbh.de\/pt-br\/wp-json\/wp\/v2\/media?parent=89340"}],"wp:term":[{"taxonomy":"product_brand","embeddable":true,"href":"https:\/\/www.3p-gmbh.de\/pt-br\/wp-json\/wp\/v2\/product_brand?post=89340"},{"taxonomy":"product_cat","embeddable":true,"href":"https:\/\/www.3p-gmbh.de\/pt-br\/wp-json\/wp\/v2\/product_cat?post=89340"},{"taxonomy":"product_tag","embeddable":true,"href":"https:\/\/www.3p-gmbh.de\/pt-br\/wp-json\/wp\/v2\/product_tag?post=89340"}],"curies":[{"name":"wp","href":"https:\/\/api.w.org\/{rel}","templated":true}]}}