{"id":89327,"date":"2023-01-12T14:21:01","date_gmt":"2023-01-12T14:21:01","guid":{"rendered":"https:\/\/www.3p-gmbh.de\/produkt\/maquina-de-entalhar-electrica-schober\/"},"modified":"2023-01-12T14:21:01","modified_gmt":"2023-01-12T14:21:01","slug":"ranhurador-eletrico-schober","status":"publish","type":"product","link":"https:\/\/www.3p-gmbh.de\/pt-br\/produkt\/ranhurador-eletrico-schober\/","title":{"rendered":"m\u00e1quina de entalhar el\u00e9ctrica Schober"},"content":{"rendered":"<p><strong>m\u00e1quina de entalhar el\u00e9ctrica da Schober<\/strong><\/p>\n<p>para cortar materiais autocolantes at\u00e9 75 cm de largura<\/p>\n","protected":false},"excerpt":{"rendered":"<p>m\u00e1quina de entalhar el\u00e9ctrica da Schober para cortar materiais autocolantes at\u00e9 75 cm de largura<\/p>\n","protected":false},"featured_media":85096,"template":"","meta":[],"product_brand":[],"product_cat":[2892],"product_tag":[],"class_list":{"0":"post-89327","1":"product","2":"type-product","3":"status-publish","4":"has-post-thumbnail","6":"product_cat-encadernacao-de-sortido","7":"pa_hersteller-schober","9":"first","10":"instock","11":"taxable","12":"shipping-taxable","13":"product-type-simple"},"jetpack_sharing_enabled":true,"_links":{"self":[{"href":"https:\/\/www.3p-gmbh.de\/pt-br\/wp-json\/wp\/v2\/product\/89327","targetHints":{"allow":["GET"]}}],"collection":[{"href":"https:\/\/www.3p-gmbh.de\/pt-br\/wp-json\/wp\/v2\/product"}],"about":[{"href":"https:\/\/www.3p-gmbh.de\/pt-br\/wp-json\/wp\/v2\/types\/product"}],"wp:featuredmedia":[{"embeddable":true,"href":"https:\/\/www.3p-gmbh.de\/pt-br\/wp-json\/wp\/v2\/media\/85096"}],"wp:attachment":[{"href":"https:\/\/www.3p-gmbh.de\/pt-br\/wp-json\/wp\/v2\/media?parent=89327"}],"wp:term":[{"taxonomy":"product_brand","embeddable":true,"href":"https:\/\/www.3p-gmbh.de\/pt-br\/wp-json\/wp\/v2\/product_brand?post=89327"},{"taxonomy":"product_cat","embeddable":true,"href":"https:\/\/www.3p-gmbh.de\/pt-br\/wp-json\/wp\/v2\/product_cat?post=89327"},{"taxonomy":"product_tag","embeddable":true,"href":"https:\/\/www.3p-gmbh.de\/pt-br\/wp-json\/wp\/v2\/product_tag?post=89327"}],"curies":[{"name":"wp","href":"https:\/\/api.w.org\/{rel}","templated":true}]}}