{"id":89321,"date":"2023-01-12T14:12:47","date_gmt":"2023-01-12T14:12:47","guid":{"rendered":"https:\/\/www.3p-gmbh.de\/produkt\/mega-steel-cutter-699-2-em-mesa-de-luz-com-caixa-de-residuos\/"},"modified":"2023-01-12T14:12:47","modified_gmt":"2023-01-12T14:12:47","slug":"mega-cortador-de-aco-699-2-em-mesa-de-iluminacao-com-caixa-de-lixo","status":"publish","type":"product","link":"https:\/\/www.3p-gmbh.de\/pt-br\/produkt\/mega-cortador-de-aco-699-2-em-mesa-de-iluminacao-com-caixa-de-lixo\/","title":{"rendered":"Mega Steel Cutter 699-2 em mesa de luz com caixa de res\u00edduos"},"content":{"rendered":"<p><strong>Mega Steel Cutter 699-2 em mesa de luz com caixa de res\u00edduos<\/strong><\/p>\n<p>Cortador de precis\u00e3o para pel\u00edculas planas, folhas e papel.<br \/>\nA folha milim\u00e9trica iluminada e o batente lateral permitem alinhar os gabaritos com grande precis\u00e3o.<br \/>\nA barra de press\u00e3o no cortador de pel\u00edcula, abertura e fecho electromagn\u00e9ticos, tocando com as costas da m\u00e3o.<\/p>\n<p>evita que os modelos deslizem enquanto a faca circular desliza ao longo da faca longa.<br \/>\nOs cortes s\u00e3o isentos de rebarbas (sec\u00e7\u00e3o com rebarbas extremamente reduzidas)<br \/>\nAs facas redondas s\u00e3o auto-afi\u00e1veis devido ao esmerilamento oco<\/p>\n<p>Largura de corte: aprox. 65 cm<br \/>\nBatente lateral com escala centim\u00e9trica<\/p>\n","protected":false},"excerpt":{"rendered":"<p>Mega Steel Cutter 699-2 em mesa de luz com caixa de res\u00edduos Cortador de precis\u00e3o para pel\u00edculas planas, folhas e papel. A folha milim\u00e9trica iluminada e o batente lateral permitem alinhar os gabaritos com grande precis\u00e3o. A barra de press\u00e3o no cortador de pel\u00edcula, abertura e fecho electromagn\u00e9ticos, tocando com as costas da m\u00e3o. evita [&hellip;]<\/p>\n","protected":false},"featured_media":85084,"template":"","meta":[],"product_brand":[],"product_cat":[3017],"product_tag":[],"class_list":{"0":"post-89321","1":"product","2":"type-product","3":"status-publish","4":"has-post-thumbnail","6":"product_cat-maquinas-de-corte","7":"pa_hersteller-mega-stahl","8":"pa_typ-699-2","10":"first","11":"instock","12":"taxable","13":"shipping-taxable","14":"product-type-simple"},"jetpack_sharing_enabled":true,"_links":{"self":[{"href":"https:\/\/www.3p-gmbh.de\/pt-br\/wp-json\/wp\/v2\/product\/89321","targetHints":{"allow":["GET"]}}],"collection":[{"href":"https:\/\/www.3p-gmbh.de\/pt-br\/wp-json\/wp\/v2\/product"}],"about":[{"href":"https:\/\/www.3p-gmbh.de\/pt-br\/wp-json\/wp\/v2\/types\/product"}],"wp:featuredmedia":[{"embeddable":true,"href":"https:\/\/www.3p-gmbh.de\/pt-br\/wp-json\/wp\/v2\/media\/85084"}],"wp:attachment":[{"href":"https:\/\/www.3p-gmbh.de\/pt-br\/wp-json\/wp\/v2\/media?parent=89321"}],"wp:term":[{"taxonomy":"product_brand","embeddable":true,"href":"https:\/\/www.3p-gmbh.de\/pt-br\/wp-json\/wp\/v2\/product_brand?post=89321"},{"taxonomy":"product_cat","embeddable":true,"href":"https:\/\/www.3p-gmbh.de\/pt-br\/wp-json\/wp\/v2\/product_cat?post=89321"},{"taxonomy":"product_tag","embeddable":true,"href":"https:\/\/www.3p-gmbh.de\/pt-br\/wp-json\/wp\/v2\/product_tag?post=89321"}],"curies":[{"name":"wp","href":"https:\/\/api.w.org\/{rel}","templated":true}]}}