{"id":89314,"date":"2023-01-12T14:28:18","date_gmt":"2023-01-12T14:28:18","guid":{"rendered":"https:\/\/www.3p-gmbh.de\/produkt\/bobinador-eletrico-neolt-power-trim-250-electric\/"},"modified":"2023-01-12T14:28:18","modified_gmt":"2023-01-12T14:28:18","slug":"cortador-de-rolo-eletrico-neolt-power-trim-250-electric","status":"publish","type":"product","link":"https:\/\/www.3p-gmbh.de\/pt-br\/produkt\/cortador-de-rolo-eletrico-neolt-power-trim-250-electric\/","title":{"rendered":"Bobinador el\u00e9trico Neolt Power Trim 250 Electric"},"content":{"rendered":"<p><strong>Bobinador el\u00e9trico Neolt Power Trim 250 Electric<\/strong><\/p>\n<p>M\u00e1quina de corte el\u00e9ctrica para espessuras de papel at\u00e9 2,0 mm, largura de trabalho at\u00e9 360 cm!<\/p>\n<p>Com suporte, luz e saco de recolha.<\/p>\n<p>Largura de trabalho at\u00e9 250 cm<br \/>\nAltura de trabalho 87 cm,<\/p>\n<p>Largura 50 cm,<\/p>\n<p>Velocidade de corte 1 m\/seg,<\/p>\n<p>Alimenta\u00e7\u00e3o el\u00e9ctrica 230 V \/ 50 Hz &#8211; 110 V \/ 60 Hz,<\/p>\n<p>Altura com suporte 101 cm.<\/p>\n","protected":false},"excerpt":{"rendered":"<p>Bobinador el\u00e9trico Neolt Power Trim 250 Electric M\u00e1quina de corte el\u00e9ctrica para espessuras de papel at\u00e9 2,0 mm, largura de trabalho at\u00e9 360 cm! Com suporte, luz e saco de recolha. Largura de trabalho at\u00e9 250 cm Altura de trabalho 87 cm, Largura 50 cm, Velocidade de corte 1 m\/seg, Alimenta\u00e7\u00e3o el\u00e9ctrica 230 V \/ [&hellip;]<\/p>\n","protected":false},"featured_media":85114,"template":"","meta":[],"product_brand":[],"product_cat":[2974],"product_tag":[],"class_list":{"0":"post-89314","1":"product","2":"type-product","3":"status-publish","4":"has-post-thumbnail","6":"product_cat-impressao-digital","7":"pa_hersteller-neolt","8":"pa_typ-power-trim-250-elektro","10":"first","11":"instock","12":"taxable","13":"shipping-taxable","14":"product-type-simple"},"jetpack_sharing_enabled":true,"_links":{"self":[{"href":"https:\/\/www.3p-gmbh.de\/pt-br\/wp-json\/wp\/v2\/product\/89314","targetHints":{"allow":["GET"]}}],"collection":[{"href":"https:\/\/www.3p-gmbh.de\/pt-br\/wp-json\/wp\/v2\/product"}],"about":[{"href":"https:\/\/www.3p-gmbh.de\/pt-br\/wp-json\/wp\/v2\/types\/product"}],"wp:featuredmedia":[{"embeddable":true,"href":"https:\/\/www.3p-gmbh.de\/pt-br\/wp-json\/wp\/v2\/media\/85114"}],"wp:attachment":[{"href":"https:\/\/www.3p-gmbh.de\/pt-br\/wp-json\/wp\/v2\/media?parent=89314"}],"wp:term":[{"taxonomy":"product_brand","embeddable":true,"href":"https:\/\/www.3p-gmbh.de\/pt-br\/wp-json\/wp\/v2\/product_brand?post=89314"},{"taxonomy":"product_cat","embeddable":true,"href":"https:\/\/www.3p-gmbh.de\/pt-br\/wp-json\/wp\/v2\/product_cat?post=89314"},{"taxonomy":"product_tag","embeddable":true,"href":"https:\/\/www.3p-gmbh.de\/pt-br\/wp-json\/wp\/v2\/product_tag?post=89314"}],"curies":[{"name":"wp","href":"https:\/\/api.w.org\/{rel}","templated":true}]}}