{"id":89311,"date":"2023-01-25T17:45:54","date_gmt":"2023-01-25T17:45:54","guid":{"rendered":"https:\/\/www.3p-gmbh.de\/produkt\/desionizacao-alimentacao-de-descarga-haug-en-8-lc\/"},"modified":"2023-01-25T17:45:54","modified_gmt":"2023-01-25T17:45:54","slug":"fonte-de-alimentacao-de-descarga-de-desionizacao-haug-en-8-lc","status":"publish","type":"product","link":"https:\/\/www.3p-gmbh.de\/pt-br\/produkt\/fonte-de-alimentacao-de-descarga-de-desionizacao-haug-en-8-lc\/","title":{"rendered":"Desioniza\u00e7\u00e3o &#8211; Alimenta\u00e7\u00e3o de descarga Haug EN 8 LC"},"content":{"rendered":"<p><strong>Unidade de descarga de energia Haug EN 8 LC &#8211; comprimento da haste aprox. 55cm para remo\u00e7\u00e3o de cargas electrost\u00e1ticas<br \/>\n<\/strong><strong>a partir de 2016<\/strong><\/p>\n<p>As baterias de descarga da s\u00e9rie EN 8 s\u00e3o utilizadas para a alimenta\u00e7\u00e3o de unidades de ioniza\u00e7\u00e3o.<br \/>\nAs unidades t\u00eam quatro liga\u00e7\u00f5es de alta tens\u00e3o estanques ao g\u00e1s e s\u00e3o fabricadas de acordo com a classe de prote\u00e7\u00e3o IP 54, classe de prote\u00e7\u00e3o I, de acordo com a VDE.<\/p>\n<p>Vers\u00e3o LC com monitoriza\u00e7\u00e3o de fun\u00e7\u00f5es integrada<br \/>\nO estado de erro \u00e9 assinalado atrav\u00e9s de um LED na caixa.<\/p>\n<p><em><strong>Princ\u00edpio de funcionamento<\/strong><\/em><br \/>\nA tens\u00e3o da rede el\u00e9ctrica aplicada \u00e9 transformada em tens\u00e3o CA de 7-8 kV por um transformador de alta tens\u00e3o.<br \/>\nA monitoriza\u00e7\u00e3o da fun\u00e7\u00e3o integrada na sec\u00e7\u00e3o secund\u00e1ria assinala que a tens\u00e3o de arranque do coronav\u00edrus foi ultrapassada (= in\u00edcio do efeito das unidades de ioniza\u00e7\u00e3o) atrav\u00e9s da intermit\u00eancia do LED de controlo.<\/p>\n<p>A tecnologia PCB compacta garante fiabilidade e facilidade de manuten\u00e7\u00e3o.<br \/>\nDescarga da bateria PT 8<\/p>\n<p>&#8211; Controlo simples e r\u00e1pido da unidade de ioniza\u00e7\u00e3o<br \/>\n&#8211; informa\u00e7\u00f5es fi\u00e1veis sobre o processo de fabrico (controlo do processo e da qualidade)<br \/>\n&#8211; Monitoriza\u00e7\u00e3o cont\u00ednua da unidade de ioniza\u00e7\u00e3o sem equipamento adicional de teste e medi\u00e7\u00e3o<\/p>\n","protected":false},"excerpt":{"rendered":"<p>Unidade de descarga de energia Haug EN 8 LC &#8211; comprimento da haste aprox. 55cm para remo\u00e7\u00e3o de cargas electrost\u00e1ticas a partir de 2016 As baterias de descarga da s\u00e9rie EN 8 s\u00e3o utilizadas para a alimenta\u00e7\u00e3o de unidades de ioniza\u00e7\u00e3o. As unidades t\u00eam quatro liga\u00e7\u00f5es de alta tens\u00e3o estanques ao g\u00e1s e s\u00e3o fabricadas [&hellip;]<\/p>\n","protected":false},"featured_media":85126,"template":"","meta":[],"product_brand":[],"product_cat":[2882,2979],"product_tag":[],"class_list":{"0":"post-89311","1":"product","2":"type-product","3":"status-publish","4":"has-post-thumbnail","6":"product_cat-acessorios-para-maquinas-de-dobrar","7":"product_cat-maquinas-de-dobrar","8":"pa_hersteller-haug","9":"pa_typ-en-8-lc","11":"first","12":"instock","13":"taxable","14":"shipping-taxable","15":"product-type-simple"},"jetpack_sharing_enabled":true,"_links":{"self":[{"href":"https:\/\/www.3p-gmbh.de\/pt-br\/wp-json\/wp\/v2\/product\/89311","targetHints":{"allow":["GET"]}}],"collection":[{"href":"https:\/\/www.3p-gmbh.de\/pt-br\/wp-json\/wp\/v2\/product"}],"about":[{"href":"https:\/\/www.3p-gmbh.de\/pt-br\/wp-json\/wp\/v2\/types\/product"}],"wp:featuredmedia":[{"embeddable":true,"href":"https:\/\/www.3p-gmbh.de\/pt-br\/wp-json\/wp\/v2\/media\/85126"}],"wp:attachment":[{"href":"https:\/\/www.3p-gmbh.de\/pt-br\/wp-json\/wp\/v2\/media?parent=89311"}],"wp:term":[{"taxonomy":"product_brand","embeddable":true,"href":"https:\/\/www.3p-gmbh.de\/pt-br\/wp-json\/wp\/v2\/product_brand?post=89311"},{"taxonomy":"product_cat","embeddable":true,"href":"https:\/\/www.3p-gmbh.de\/pt-br\/wp-json\/wp\/v2\/product_cat?post=89311"},{"taxonomy":"product_tag","embeddable":true,"href":"https:\/\/www.3p-gmbh.de\/pt-br\/wp-json\/wp\/v2\/product_tag?post=89311"}],"curies":[{"name":"wp","href":"https:\/\/api.w.org\/{rel}","templated":true}]}}