{"id":89306,"date":"2023-01-25T17:59:25","date_gmt":"2023-01-25T17:59:25","guid":{"rendered":"https:\/\/www.3p-gmbh.de\/produkt\/bomba-de-vacuo-de-palhetas-rotativas-de-funcionamento-a-seco-becker-dvtlf-250\/"},"modified":"2023-01-25T17:59:25","modified_gmt":"2023-01-25T17:59:25","slug":"bomba-de-vacuo-de-palheta-rotativa-de-funcionamento-a-seco-becker-dvtlf-250","status":"publish","type":"product","link":"https:\/\/www.3p-gmbh.de\/pt-br\/produkt\/bomba-de-vacuo-de-palheta-rotativa-de-funcionamento-a-seco-becker-dvtlf-250\/","title":{"rendered":"Bomba de v\u00e1cuo de palhetas rotativas de funcionamento a seco Becker DVTLF 250"},"content":{"rendered":"<p><strong>Becker DVTLF 250<\/strong><br \/>\n<strong>a partir de 2008<\/strong><\/p>\n<p>Bomba de v\u00e1cuo de palhetas rotativas de funcionamento a seco<\/p>\n<p>Fabricante: Becker<br \/>\nTipo: DVTLF 250<br \/>\nMotor: 400V\/50Hz<br \/>\nPot\u00eancia de aspira\u00e7\u00e3o: 250m\u00b3\/h<br \/>\nPress\u00e3o m\u00e1xima: 200mbar (abs.)<br \/>\ncorresponde a 90% de v\u00e1cuo<\/p>\n","protected":false},"excerpt":{"rendered":"<p>Becker DVTLF 250 a partir de 2008 Bomba de v\u00e1cuo de palhetas rotativas de funcionamento a seco Fabricante: Becker Tipo: DVTLF 250 Motor: 400V\/50Hz Pot\u00eancia de aspira\u00e7\u00e3o: 250m\u00b3\/h Press\u00e3o m\u00e1xima: 200mbar (abs.) corresponde a 90% de v\u00e1cuo<\/p>\n","protected":false},"featured_media":85195,"template":"","meta":[],"product_brand":[],"product_cat":[2927],"product_tag":[],"class_list":{"0":"post-89306","1":"product","2":"type-product","3":"status-publish","4":"has-post-thumbnail","6":"product_cat-compressores-e-bombas-de-vacuo","7":"pa_hersteller-becker","8":"pa_typ-dvtlf-250","10":"first","11":"instock","12":"taxable","13":"shipping-taxable","14":"product-type-simple"},"jetpack_sharing_enabled":true,"_links":{"self":[{"href":"https:\/\/www.3p-gmbh.de\/pt-br\/wp-json\/wp\/v2\/product\/89306","targetHints":{"allow":["GET"]}}],"collection":[{"href":"https:\/\/www.3p-gmbh.de\/pt-br\/wp-json\/wp\/v2\/product"}],"about":[{"href":"https:\/\/www.3p-gmbh.de\/pt-br\/wp-json\/wp\/v2\/types\/product"}],"wp:featuredmedia":[{"embeddable":true,"href":"https:\/\/www.3p-gmbh.de\/pt-br\/wp-json\/wp\/v2\/media\/85195"}],"wp:attachment":[{"href":"https:\/\/www.3p-gmbh.de\/pt-br\/wp-json\/wp\/v2\/media?parent=89306"}],"wp:term":[{"taxonomy":"product_brand","embeddable":true,"href":"https:\/\/www.3p-gmbh.de\/pt-br\/wp-json\/wp\/v2\/product_brand?post=89306"},{"taxonomy":"product_cat","embeddable":true,"href":"https:\/\/www.3p-gmbh.de\/pt-br\/wp-json\/wp\/v2\/product_cat?post=89306"},{"taxonomy":"product_tag","embeddable":true,"href":"https:\/\/www.3p-gmbh.de\/pt-br\/wp-json\/wp\/v2\/product_tag?post=89306"}],"curies":[{"name":"wp","href":"https:\/\/api.w.org\/{rel}","templated":true}]}}