{"id":89297,"date":"2023-01-25T18:03:07","date_gmt":"2023-01-25T18:03:07","guid":{"rendered":"https:\/\/www.3p-gmbh.de\/produkt\/bandelim-sonorex-rk-158-m\/"},"modified":"2023-01-25T18:03:07","modified_gmt":"2023-01-25T18:03:07","slug":"bandelin-sonorex-rk-158-m","status":"publish","type":"product","link":"https:\/\/www.3p-gmbh.de\/pt-br\/produkt\/bandelin-sonorex-rk-158-m\/","title":{"rendered":"BANDELIM Sonorex RK 158 M"},"content":{"rendered":"<p><strong>BANDELIM Sonorex RK 158 M<\/strong><\/p>\n<p>M\u00e1quina de limpeza por ultra-sons de alto desempenho em a\u00e7o inoxid\u00e1vel com aquecimento para utiliza\u00e7\u00e3o em consult\u00f3rios, laborat\u00f3rios e oficinas.<br \/>\nOs banhos de ultra-sons SONOREX, comprovados e particularmente robustos, limpam completa e suavemente atrav\u00e9s de bolhas de cavita\u00e7\u00e3o intensiva, mesmo nos locais de dif\u00edcil acesso dos objectos a limpar.<br \/>\nUm controlo de pega rotativa de f\u00e1cil utiliza\u00e7\u00e3o \u00e9 utilizado para regular facilmente o tempo de limpeza e a temperatura do banho.<br \/>\nA fun\u00e7\u00e3o SweepTec totalmente autom\u00e1tica evita ondas estacion\u00e1rias no campo ultrass\u00f3nico e consegue uma limpeza particularmente uniforme.<\/p>\n<p>Dimens\u00e3o interior L [mm] 700<br \/>\nDimens\u00e3o interior B [mm] 140<br \/>\nDimens\u00e3o interior T [mm] 150<br \/>\nCapacidade [l] 9<br \/>\nConte\u00fado do trabalho [l] 6<br \/>\nMarca\u00e7\u00e3o do n\u00edvel de enchimento sim<br \/>\nFrequ\u00eancia dos ultra-sons [Hz] 35<br \/>\nEspessura da banheira [mm] 0,8<br \/>\nPot\u00eancia de pico ultra-s\u00f3nica [W] 860<br \/>\nPot\u00eancia nominal ultra-s\u00f3nica [W] 215<br \/>\nFrequ\u00eancia dos ultra-sons [kHz] 35<br \/>\nTemp. definida. (C) 30-80<br \/>\nPot\u00eancia t\u00e9rmica [W] 600<br \/>\nTens\u00e3o de funcionamento [V] 230 V Ficha UE<\/p>\n","protected":false},"excerpt":{"rendered":"<p>BANDELIM Sonorex RK 158 M M\u00e1quina de limpeza por ultra-sons de alto desempenho em a\u00e7o inoxid\u00e1vel com aquecimento para utiliza\u00e7\u00e3o em consult\u00f3rios, laborat\u00f3rios e oficinas. Os banhos de ultra-sons SONOREX, comprovados e particularmente robustos, limpam completa e suavemente atrav\u00e9s de bolhas de cavita\u00e7\u00e3o intensiva, mesmo nos locais de dif\u00edcil acesso dos objectos a limpar. Um [&hellip;]<\/p>\n","protected":false},"featured_media":85204,"template":"","meta":[],"product_brand":[],"product_cat":[2877],"product_tag":[],"class_list":{"0":"post-89297","1":"product","2":"type-product","3":"status-publish","4":"has-post-thumbnail","6":"product_cat-equipamento-de-oficina","7":"pa_hersteller-bandelin","8":"pa_typ-sonorex-rk-158-m","10":"first","11":"instock","12":"taxable","13":"shipping-taxable","14":"product-type-simple"},"jetpack_sharing_enabled":true,"_links":{"self":[{"href":"https:\/\/www.3p-gmbh.de\/pt-br\/wp-json\/wp\/v2\/product\/89297","targetHints":{"allow":["GET"]}}],"collection":[{"href":"https:\/\/www.3p-gmbh.de\/pt-br\/wp-json\/wp\/v2\/product"}],"about":[{"href":"https:\/\/www.3p-gmbh.de\/pt-br\/wp-json\/wp\/v2\/types\/product"}],"wp:featuredmedia":[{"embeddable":true,"href":"https:\/\/www.3p-gmbh.de\/pt-br\/wp-json\/wp\/v2\/media\/85204"}],"wp:attachment":[{"href":"https:\/\/www.3p-gmbh.de\/pt-br\/wp-json\/wp\/v2\/media?parent=89297"}],"wp:term":[{"taxonomy":"product_brand","embeddable":true,"href":"https:\/\/www.3p-gmbh.de\/pt-br\/wp-json\/wp\/v2\/product_brand?post=89297"},{"taxonomy":"product_cat","embeddable":true,"href":"https:\/\/www.3p-gmbh.de\/pt-br\/wp-json\/wp\/v2\/product_cat?post=89297"},{"taxonomy":"product_tag","embeddable":true,"href":"https:\/\/www.3p-gmbh.de\/pt-br\/wp-json\/wp\/v2\/product_tag?post=89297"}],"curies":[{"name":"wp","href":"https:\/\/api.w.org\/{rel}","templated":true}]}}