{"id":89292,"date":"2023-01-25T18:11:37","date_gmt":"2023-01-25T18:11:37","guid":{"rendered":"https:\/\/www.3p-gmbh.de\/produkt\/pasta-com-placa-de-fivela-mathias-baeuerle-multimaster-cas-52-4-38-2-fl-sa\/"},"modified":"2023-01-25T18:11:37","modified_gmt":"2023-01-25T18:11:37","slug":"pasta-com-placa-de-fivela-mathias-baeuerle-multimaster-cas-52-4-38-2-fl-sa","status":"publish","type":"product","link":"https:\/\/www.3p-gmbh.de\/pt-br\/produkt\/pasta-com-placa-de-fivela-mathias-baeuerle-multimaster-cas-52-4-38-2-fl-sa\/","title":{"rendered":"Pasta com placa de fivela Mathias B\u00e4uerle Multimaster CAS 52.4-38.2-FL SA"},"content":{"rendered":"<p><strong>M\u00e1quina de dobrar Mathias B\u00e4uerle Multimaster CAS 52.4-38.2-FL SA<\/strong><br \/>\n<strong>de 2001 pouco usado<\/strong><\/p>\n<p>Alimentador de estacas planas FL 52 com separa\u00e7\u00e3o do bordo de fuga<br \/>\nUnidade de dobragem 1 com 4 bolsas regul\u00e1veis por motor Largura de alimenta\u00e7\u00e3o 52 cm<br \/>\nUnidade de dobragem 2 com 2 bolsas regul\u00e1veis por motor Largura de alimenta\u00e7\u00e3o 38 cm<\/p>\n<p>com bolso para a dobra (fechado de A3 a Din durante o tempo poss\u00edvel)<\/p>\n<p>entrega ajust\u00e1vel motorizada<\/p>\n","protected":false},"excerpt":{"rendered":"<p>M\u00e1quina de dobrar Mathias B\u00e4uerle Multimaster CAS 52.4-38.2-FL SA de 2001 pouco usado Alimentador de estacas planas FL 52 com separa\u00e7\u00e3o do bordo de fuga Unidade de dobragem 1 com 4 bolsas regul\u00e1veis por motor Largura de alimenta\u00e7\u00e3o 52 cm Unidade de dobragem 2 com 2 bolsas regul\u00e1veis por motor Largura de alimenta\u00e7\u00e3o 38 cm [&hellip;]<\/p>\n","protected":false},"featured_media":85231,"template":"","meta":[],"product_brand":[],"product_cat":[2979],"product_tag":[],"class_list":{"0":"post-89292","1":"product","2":"type-product","3":"status-publish","4":"has-post-thumbnail","6":"product_cat-maquinas-de-dobrar","7":"pa_hersteller-mathias-baeuerle","8":"pa_typ-cas-52-4-38-2-fl-sa","10":"first","11":"instock","12":"taxable","13":"shipping-taxable","14":"product-type-simple"},"jetpack_sharing_enabled":true,"_links":{"self":[{"href":"https:\/\/www.3p-gmbh.de\/pt-br\/wp-json\/wp\/v2\/product\/89292","targetHints":{"allow":["GET"]}}],"collection":[{"href":"https:\/\/www.3p-gmbh.de\/pt-br\/wp-json\/wp\/v2\/product"}],"about":[{"href":"https:\/\/www.3p-gmbh.de\/pt-br\/wp-json\/wp\/v2\/types\/product"}],"wp:featuredmedia":[{"embeddable":true,"href":"https:\/\/www.3p-gmbh.de\/pt-br\/wp-json\/wp\/v2\/media\/85231"}],"wp:attachment":[{"href":"https:\/\/www.3p-gmbh.de\/pt-br\/wp-json\/wp\/v2\/media?parent=89292"}],"wp:term":[{"taxonomy":"product_brand","embeddable":true,"href":"https:\/\/www.3p-gmbh.de\/pt-br\/wp-json\/wp\/v2\/product_brand?post=89292"},{"taxonomy":"product_cat","embeddable":true,"href":"https:\/\/www.3p-gmbh.de\/pt-br\/wp-json\/wp\/v2\/product_cat?post=89292"},{"taxonomy":"product_tag","embeddable":true,"href":"https:\/\/www.3p-gmbh.de\/pt-br\/wp-json\/wp\/v2\/product_tag?post=89292"}],"curies":[{"name":"wp","href":"https:\/\/api.w.org\/{rel}","templated":true}]}}