{"id":89282,"date":"2023-01-31T22:44:27","date_gmt":"2023-01-31T22:44:27","guid":{"rendered":"https:\/\/www.3p-gmbh.de\/produkt\/kodak-prinergy-server-fd1-com-software-powepack-e-inside-prepress-portal-versao-9-x\/"},"modified":"2023-01-31T22:44:27","modified_gmt":"2023-01-31T22:44:27","slug":"kodak-prinergy-server-fd1-com-software-powepack-e-inside-prepress-portal-version-9-x","status":"publish","type":"product","link":"https:\/\/www.3p-gmbh.de\/pt-br\/produkt\/kodak-prinergy-server-fd1-com-software-powepack-e-inside-prepress-portal-version-9-x\/","title":{"rendered":"Kodak Prinergy Server FD1 com software Powepack e Inside Prepress Portal Vers\u00e3o 9.X"},"content":{"rendered":"<p><strong>Kodak Prinergy Server FD1 com software Powepack e Inside Prepress Portal Vers\u00e3o 9.X<\/strong><br \/>\na partir de 12.2017<\/p>\n<p>novo mainframe dell 2017<br \/>\n1 servidor secund\u00e1rio<br \/>\n1 Servidor prim\u00e1rio<br \/>\n1 suporte de disco r\u00edgido<br \/>\n1 UPS<\/p>\n<p>tudo instalado no arm\u00e1rio de 19 polegadas.<\/p>\n","protected":false},"excerpt":{"rendered":"<p>Kodak Prinergy Server FD1 com software Powepack e Inside Prepress Portal Vers\u00e3o 9.X a partir de 12.2017 novo mainframe dell 2017 1 servidor secund\u00e1rio 1 Servidor prim\u00e1rio 1 suporte de disco r\u00edgido 1 UPS tudo instalado no arm\u00e1rio de 19 polegadas.<\/p>\n","protected":false},"featured_media":85288,"template":"","meta":[],"product_brand":[],"product_cat":[3037,3007],"product_tag":[],"class_list":{"0":"post-89282","1":"product","2":"type-product","3":"status-publish","4":"has-post-thumbnail","6":"product_cat-software-pt-br","7":"product_cat-software-de-pre-impressao","8":"pa_hersteller-kodak","10":"first","11":"instock","12":"taxable","13":"shipping-taxable","14":"product-type-simple"},"jetpack_sharing_enabled":true,"_links":{"self":[{"href":"https:\/\/www.3p-gmbh.de\/pt-br\/wp-json\/wp\/v2\/product\/89282","targetHints":{"allow":["GET"]}}],"collection":[{"href":"https:\/\/www.3p-gmbh.de\/pt-br\/wp-json\/wp\/v2\/product"}],"about":[{"href":"https:\/\/www.3p-gmbh.de\/pt-br\/wp-json\/wp\/v2\/types\/product"}],"wp:featuredmedia":[{"embeddable":true,"href":"https:\/\/www.3p-gmbh.de\/pt-br\/wp-json\/wp\/v2\/media\/85288"}],"wp:attachment":[{"href":"https:\/\/www.3p-gmbh.de\/pt-br\/wp-json\/wp\/v2\/media?parent=89282"}],"wp:term":[{"taxonomy":"product_brand","embeddable":true,"href":"https:\/\/www.3p-gmbh.de\/pt-br\/wp-json\/wp\/v2\/product_brand?post=89282"},{"taxonomy":"product_cat","embeddable":true,"href":"https:\/\/www.3p-gmbh.de\/pt-br\/wp-json\/wp\/v2\/product_cat?post=89282"},{"taxonomy":"product_tag","embeddable":true,"href":"https:\/\/www.3p-gmbh.de\/pt-br\/wp-json\/wp\/v2\/product_tag?post=89282"}],"curies":[{"name":"wp","href":"https:\/\/api.w.org\/{rel}","templated":true}]}}