{"id":89269,"date":"2023-01-31T22:51:03","date_gmt":"2023-01-31T22:51:03","guid":{"rendered":"https:\/\/www.3p-gmbh.de\/produkt\/renz-wbs-340-maquina-de-fecho-manual-para-encadernacao-com-pente-de-arame\/"},"modified":"2023-01-31T22:51:03","modified_gmt":"2023-01-31T22:51:03","slug":"renz-wbs-340-maquina-de-fecho-manual-para-encadernacao-por-arame","status":"publish","type":"product","link":"https:\/\/www.3p-gmbh.de\/pt-br\/produkt\/renz-wbs-340-maquina-de-fecho-manual-para-encadernacao-por-arame\/","title":{"rendered":"Renz WBS 340 m\u00e1quina de fecho manual para encaderna\u00e7\u00e3o com pente de arame"},"content":{"rendered":"<p><strong>M\u00e1quina de fecho manual Renz WBS para encaderna\u00e7\u00e3o com pente de arame<\/strong><\/p>\n<p>A Renz WBS 340 com suporte de m\u00f3dulos pode ser ligada \u00e0 m\u00e1quina de puncionar de mesa DTP 340 M<br \/>\na um sistema de perfura\u00e7\u00e3o e encaderna\u00e7\u00e3o eficiente e econ\u00f3mico em termos de espa\u00e7o.<\/p>\n<p>Caracter\u00edsticas de desempenho<\/p>\n<p>com suporte de m\u00f3dulo como unidade de encaderna\u00e7\u00e3o \u00fanica<br \/>\npode ser utilizado para fechar todos os di\u00e2metros de fio de \u00f8 3\/16&#8243; &#8211; 1 1\/2&#8243; (5,5 &#8211; 38 mm) independentemente do passo<br \/>\nDevido ao seu design aberto lateralmente, tamb\u00e9m \u00e9 adequado para fechaduras duplas (2 x 360 mm)<\/p>\n<p>f\u00e1cil de fixar na puncionadora de mesa DTP 340 M<br \/>\nQualidade &#8220;Made in Germany<\/p>\n","protected":false},"excerpt":{"rendered":"<p>M\u00e1quina de fecho manual Renz WBS para encaderna\u00e7\u00e3o com pente de arame A Renz WBS 340 com suporte de m\u00f3dulos pode ser ligada \u00e0 m\u00e1quina de puncionar de mesa DTP 340 M a um sistema de perfura\u00e7\u00e3o e encaderna\u00e7\u00e3o eficiente e econ\u00f3mico em termos de espa\u00e7o. Caracter\u00edsticas de desempenho com suporte de m\u00f3dulo como unidade [&hellip;]<\/p>\n","protected":false},"featured_media":85300,"template":"","meta":[],"product_brand":[],"product_cat":[2856],"product_tag":[],"class_list":{"0":"post-89269","1":"product","2":"type-product","3":"status-publish","4":"has-post-thumbnail","6":"product_cat-maquinas-de-encadernacao-de-fios","7":"pa_hersteller-renz","8":"pa_typ-wbs-340","10":"first","11":"instock","12":"taxable","13":"shipping-taxable","14":"product-type-simple"},"jetpack_sharing_enabled":true,"_links":{"self":[{"href":"https:\/\/www.3p-gmbh.de\/pt-br\/wp-json\/wp\/v2\/product\/89269","targetHints":{"allow":["GET"]}}],"collection":[{"href":"https:\/\/www.3p-gmbh.de\/pt-br\/wp-json\/wp\/v2\/product"}],"about":[{"href":"https:\/\/www.3p-gmbh.de\/pt-br\/wp-json\/wp\/v2\/types\/product"}],"wp:featuredmedia":[{"embeddable":true,"href":"https:\/\/www.3p-gmbh.de\/pt-br\/wp-json\/wp\/v2\/media\/85300"}],"wp:attachment":[{"href":"https:\/\/www.3p-gmbh.de\/pt-br\/wp-json\/wp\/v2\/media?parent=89269"}],"wp:term":[{"taxonomy":"product_brand","embeddable":true,"href":"https:\/\/www.3p-gmbh.de\/pt-br\/wp-json\/wp\/v2\/product_brand?post=89269"},{"taxonomy":"product_cat","embeddable":true,"href":"https:\/\/www.3p-gmbh.de\/pt-br\/wp-json\/wp\/v2\/product_cat?post=89269"},{"taxonomy":"product_tag","embeddable":true,"href":"https:\/\/www.3p-gmbh.de\/pt-br\/wp-json\/wp\/v2\/product_tag?post=89269"}],"curies":[{"name":"wp","href":"https:\/\/api.w.org\/{rel}","templated":true}]}}